{"id":4944,"date":"2021-10-10T14:23:45","date_gmt":"2021-10-10T12:23:45","guid":{"rendered":"https:\/\/yvisdesign.com\/?page_id=4944"},"modified":"2021-10-10T20:27:34","modified_gmt":"2021-10-10T18:27:34","slug":"pflegehinweise","status":"publish","type":"page","link":"https:\/\/yvisdesign.com\/de\/pflegehinweise\/","title":{"rendered":""},"content":{"rendered":"\t\t<div data-elementor-type=\"wp-page\" data-elementor-id=\"4944\" class=\"elementor elementor-4944\" data-elementor-post-type=\"page\">\n\t\t\t\t\t\t<section class=\"elementor-section elementor-top-section elementor-element elementor-element-a54fe7d elementor-section-boxed elementor-section-height-default elementor-section-height-default\" data-id=\"a54fe7d\" data-element_type=\"section\">\n\t\t\t\t\t\t<div class=\"elementor-container elementor-column-gap-default\">\n\t\t\t\t\t<div class=\"elementor-column elementor-col-100 elementor-top-column elementor-element elementor-element-180059b\" data-id=\"180059b\" data-element_type=\"column\">\n\t\t\t<div class=\"elementor-widget-wrap elementor-element-populated\">\n\t\t\t\t\t\t<div class=\"elementor-element elementor-element-f5fe9a9 elementor-widget elementor-widget-text-editor\" data-id=\"f5fe9a9\" data-element_type=\"widget\" data-widget_type=\"text-editor.default\">\n\t\t\t\t<div class=\"elementor-widget-container\">\n\t\t\t\t\t\t\t<h2><span style=\"color: #;\"E1C80F>\u00a0<\/span>Materialbeschreibung-Pflegehinweise<\/h2>\t\t\t\t\t\t<\/div>\n\t\t\t\t<\/div>\n\t\t\t\t\t<\/div>\n\t\t<\/div>\n\t\t\t\t\t<\/div>\n\t\t<\/section>\n\t\t\t\t<section class=\"elementor-section elementor-top-section elementor-element elementor-element-2b8e444a elementor-section-boxed elementor-section-height-default elementor-section-height-default\" data-id=\"2b8e444a\" data-element_type=\"section\">\n\t\t\t\t\t\t<div class=\"elementor-container elementor-column-gap-default\">\n\t\t\t\t\t<div class=\"elementor-column elementor-col-100 elementor-top-column elementor-element elementor-element-7bae5e7a\" data-id=\"7bae5e7a\" data-element_type=\"column\">\n\t\t\t<div class=\"elementor-widget-wrap elementor-element-populated\">\n\t\t\t\t\t\t<div class=\"elementor-element elementor-element-670fea38 elementor-widget elementor-widget-text-editor\" data-id=\"670fea38\" data-element_type=\"widget\" data-widget_type=\"text-editor.default\">\n\t\t\t\t<div class=\"elementor-widget-container\">\n\t\t\t\t\t\t\t<p><!-- wp:paragraph --><\/p><p>Halbedelsteine und vergoldete Schmuckst\u00fccke sind sehr empfindlich, man kann sie aufgrund ihrer Empfindlichkeit auch als kleine Diven bezeichnen. Da YvisDesign die Schmuckst\u00fccke in Handarbeit herstellt und die Legierung der vergoldeten St\u00fccke aus 925er Silber besteht, somit lediglich die Oberfl\u00e4che mit Gold \u00fcberzogen ist, und wir uns w\u00fcnschen, dass Ihr Schmuckst\u00fcck lange seine Sch\u00f6nheit bewahrt, geben wir folgende Pflegehinweise an Sie weiter:<\/p><p><!-- \/wp:paragraph --><\/p><p><!-- wp:paragraph --><\/p><p>Die vergoldeten Schmuckst\u00fccke und die mit Halbedelsteinen erstellten Schmuckst\u00fccke sollten nicht beim Baden, Duschen, Sport, Sauna, Haus-und Gartenarbeit getragen werden. Die Vergoldung reagiert auf Abrieb und Oxidation und wird somit durch Reibung und Ber\u00fchrung mit anderen Materialien abgetragen. Des Weiteren sollte bei starkem Schwitzen auf das Tragen von vergoldeten Schmuckst\u00fccken verzichtet werden.<\/p><p><!-- \/wp:paragraph --><\/p><p><!-- wp:paragraph --><\/p><p>Die Vergoldung kann auch von der Verwendung von Cremes (z.B. Handcremes), Haarspray, Parfume, Make-up, Wasch-bzw. Putzmitteln und Desinfektionsmitteln angegriffen werden. Durch diese Substanzen k\u00f6nnen die Halbedelsteine ihr Aussehen und Wirkkraft ver\u00e4ndern.<\/p><p><!-- \/wp:paragraph --><\/p><p><!-- wp:paragraph --><\/p><p>Ist ein vergoldetes Schmuckst\u00fcck verunreinigt oder angelaufen, kann es vorsichtig gereinigt werden, aber bitte mit gro\u00dfer Vorsicht, damit die Vergoldung nicht abgetragen wird. Es darf jedoch kein Silberputztuch oder ein Schmuckreinigungsbad verwendet werden! Diese sind absolut tabu f\u00fcr vergoldete Schmuckst\u00fccke. F\u00fcr vergoldetet Schmuckst\u00fccke bitte lauwarmes Seifenwasser verwenden. Nach der Reinigung sollte das Schmuckst\u00fcck mit viel Wasser nachgesp\u00fclt werden, auf ein Handtuch gelegt und trocknen gelassen oder mit dem F\u00f6n bei mittlerer Temperatur getrocknet werden. Nun kann das Schmuckst\u00fcck mit einem trockenen, weichen Microfasertuch vorsichtig poliert werden, ausgenommen sind strukturierte und mattierte Oberfl\u00e4chen. Sehr gut eignet sich zum polieren auch ein trockenes Brillenputztuch.<\/p><p><!-- \/wp:paragraph --><\/p><p><!-- wp:paragraph --><\/p><p>Um die Schmuckst\u00fccke vor dem Anlaufen zu bewahren sollten sie trocken, m\u00f6glichst Luftdicht und vor der Sonne gesch\u00fctzt aufbewahrt werden.<\/p><p><!-- \/wp:paragraph --><\/p><p><!-- wp:paragraph --><\/p><p>Silberschmuck reagiert auf Oxidation, diese kann auch durch die Hautausd\u00fcnstung statt finden. Bei der Einnahme von Medikamenten oder durch Giftstoffe im K\u00f6rper kann es zum Anlaufen des Schmuckes kommen.<\/p><p><!-- \/wp:paragraph --><\/p><p><!-- wp:paragraph --><\/p><p>Silber ist eine Legierung, die aus relativ weichem Material besteht und somit leichter biegsam ist als Gold oder Platin. Bitte jedes Schmuckst\u00fcck behutsam behandeln, damit es lange in seiner ganzen Sch\u00f6nheit erhalten bleibt.<\/p><p><!-- \/wp:paragraph --><\/p><p><!-- wp:paragraph --><\/p><p>Schmuckst\u00fccke mit Halbedelsteinen sind sehr empfindlich. Bitte zum Reinigen in Vollmondlicht oder eine Steindruse legen. Wie im oberen Abschnitt bereits mitgeteilt, sollten sie von den oben genannten Materialien\/ Produkten ferngehalten werden.<\/p><p><!-- \/wp:paragraph --><\/p><p><!-- wp:paragraph --><\/p><p>Viel Freude beim Tragen eures mit viel Liebe angefertigten Schmuckst\u00fcckes.<\/p><p><!-- \/wp:paragraph --><\/p>\t\t\t\t\t\t<\/div>\n\t\t\t\t<\/div>\n\t\t\t\t\t<\/div>\n\t\t<\/div>\n\t\t\t\t\t<\/div>\n\t\t<\/section>\n\t\t\t\t<\/div>\n\t\t","protected":false},"excerpt":{"rendered":"<p>\u00a0Materialbeschreibung-Pflegehinweise Halbedelsteine und vergoldete Schmuckst\u00fccke sind sehr empfindlich, man kann sie aufgrund ihrer Empfindlichkeit auch als kleine Diven bezeichnen. Da YvisDesign die Schmuckst\u00fccke in Handarbeit herstellt und die Legierung der vergoldeten St\u00fccke aus 925er Silber besteht, somit lediglich die Oberfl\u00e4che mit Gold \u00fcberzogen ist, und wir uns w\u00fcnschen, dass Ihr Schmuckst\u00fcck lange seine Sch\u00f6nheit bewahrt, [&hellip;]<\/p>\n","protected":false},"author":2,"featured_media":0,"parent":0,"menu_order":0,"comment_status":"closed","ping_status":"closed","template":"","meta":{"_themeisle_gutenberg_block_has_review":false,"footnotes":""},"jetpack_sharing_enabled":true,"_links":{"self":[{"href":"https:\/\/yvisdesign.com\/de\/wp-json\/wp\/v2\/pages\/4944"}],"collection":[{"href":"https:\/\/yvisdesign.com\/de\/wp-json\/wp\/v2\/pages"}],"about":[{"href":"https:\/\/yvisdesign.com\/de\/wp-json\/wp\/v2\/types\/page"}],"author":[{"embeddable":true,"href":"https:\/\/yvisdesign.com\/de\/wp-json\/wp\/v2\/users\/2"}],"replies":[{"embeddable":true,"href":"https:\/\/yvisdesign.com\/de\/wp-json\/wp\/v2\/comments?post=4944"}],"version-history":[{"count":19,"href":"https:\/\/yvisdesign.com\/de\/wp-json\/wp\/v2\/pages\/4944\/revisions"}],"predecessor-version":[{"id":4988,"href":"https:\/\/yvisdesign.com\/de\/wp-json\/wp\/v2\/pages\/4944\/revisions\/4988"}],"wp:attachment":[{"href":"https:\/\/yvisdesign.com\/de\/wp-json\/wp\/v2\/media?parent=4944"}],"curies":[{"name":"wp","href":"https:\/\/api.w.org\/{rel}","templated":true}]}}