{"id":1079,"date":"2020-09-03T18:20:47","date_gmt":"2020-09-03T16:20:47","guid":{"rendered":"https:\/\/yvisdesign.com\/?post_type=product&#038;p=1079"},"modified":"2025-11-08T16:53:24","modified_gmt":"2025-11-08T15:53:24","slug":"herzstueck","status":"publish","type":"product","link":"https:\/\/yvisdesign.com\/de\/produkt\/herzstueck\/","title":{"rendered":"Herzst\u00fcck"},"content":{"rendered":"","protected":false},"excerpt":{"rendered":"<p>Das Malachit Armband besteht aus 8 mm gro\u00dfen Malachit Kugeln, die auf einem 0,7 mm dicken, elastischen Band gef\u00e4delt sind. In das Armband sind drei Herzen aus vergoldetem 925er Silber, in einer Gr\u00f6\u00dfe von ca. 8 mm, eingearbeitet. Den Abschluss bildet eine 4 mm gro\u00dfe, vergoldete 925er Silberkugel. Jedes Schmuckst\u00fcck wird mit dem Herzen entworfen und in liebevoller Handarbeit erstellt.<\/p>\n","protected":false},"featured_media":1416,"template":"","meta":{"_themeisle_gutenberg_block_has_review":false},"product_cat":[22,205,206],"product_tag":[33,34,58,134],"jetpack_sharing_enabled":true,"_links":{"self":[{"href":"https:\/\/yvisdesign.com\/de\/wp-json\/wp\/v2\/product\/1079"}],"collection":[{"href":"https:\/\/yvisdesign.com\/de\/wp-json\/wp\/v2\/product"}],"about":[{"href":"https:\/\/yvisdesign.com\/de\/wp-json\/wp\/v2\/types\/product"}],"wp:featuredmedia":[{"embeddable":true,"href":"https:\/\/yvisdesign.com\/de\/wp-json\/wp\/v2\/media\/1416"}],"wp:attachment":[{"href":"https:\/\/yvisdesign.com\/de\/wp-json\/wp\/v2\/media?parent=1079"}],"wp:term":[{"taxonomy":"product_cat","embeddable":true,"href":"https:\/\/yvisdesign.com\/de\/wp-json\/wp\/v2\/product_cat?post=1079"},{"taxonomy":"product_tag","embeddable":true,"href":"https:\/\/yvisdesign.com\/de\/wp-json\/wp\/v2\/product_tag?post=1079"}],"curies":[{"name":"wp","href":"https:\/\/api.w.org\/{rel}","templated":true}]}}