{"id":1080,"date":"2020-09-03T18:22:20","date_gmt":"2020-09-03T16:22:20","guid":{"rendered":"https:\/\/yvisdesign.com\/?post_type=product&#038;p=1080"},"modified":"2025-11-08T16:50:15","modified_gmt":"2025-11-08T15:50:15","slug":"tiger-mit-herz","status":"publish","type":"product","link":"https:\/\/yvisdesign.com\/de\/produkt\/tiger-mit-herz\/","title":{"rendered":"Tiger mit Herz"},"content":{"rendered":"","protected":false},"excerpt":{"rendered":"<p>Dieses wundersch\u00f6ne Armband besteht aus 6 mm gro\u00dfen, facettierten Tigerauge Steinen, die auf einem 0,7 mm dicken, elastischen Band gef\u00e4delt sind. Es ist ein 8 mm gro\u00dfes Herz aus vergoldtem 925er Silber eingearbeitet. Den Abschluss bildet eine 4 mm gro\u00dfe vergoldete Silberkugel. Jedes Schmuckst\u00fcck wird mit dem Herzen entworfen und in liebevoller Handarbeit erstellt.<\/p>\n","protected":false},"featured_media":1395,"template":"","meta":{"_themeisle_gutenberg_block_has_review":false},"product_cat":[22,205,206],"product_tag":[33,34,58,134],"jetpack_sharing_enabled":true,"_links":{"self":[{"href":"https:\/\/yvisdesign.com\/de\/wp-json\/wp\/v2\/product\/1080"}],"collection":[{"href":"https:\/\/yvisdesign.com\/de\/wp-json\/wp\/v2\/product"}],"about":[{"href":"https:\/\/yvisdesign.com\/de\/wp-json\/wp\/v2\/types\/product"}],"wp:featuredmedia":[{"embeddable":true,"href":"https:\/\/yvisdesign.com\/de\/wp-json\/wp\/v2\/media\/1395"}],"wp:attachment":[{"href":"https:\/\/yvisdesign.com\/de\/wp-json\/wp\/v2\/media?parent=1080"}],"wp:term":[{"taxonomy":"product_cat","embeddable":true,"href":"https:\/\/yvisdesign.com\/de\/wp-json\/wp\/v2\/product_cat?post=1080"},{"taxonomy":"product_tag","embeddable":true,"href":"https:\/\/yvisdesign.com\/de\/wp-json\/wp\/v2\/product_tag?post=1080"}],"curies":[{"name":"wp","href":"https:\/\/api.w.org\/{rel}","templated":true}]}}