{"id":1083,"date":"2020-08-24T22:46:36","date_gmt":"2020-08-24T20:46:36","guid":{"rendered":"https:\/\/yvisdesign.com\/?post_type=product&#038;p=1083"},"modified":"2025-11-08T16:41:14","modified_gmt":"2025-11-08T15:41:14","slug":"amethyst-mit-herz","status":"publish","type":"product","link":"https:\/\/yvisdesign.com\/de\/produkt\/amethyst-mit-herz\/","title":{"rendered":"Amethyst mit Herz"},"content":{"rendered":"","protected":false},"excerpt":{"rendered":"<p>Dieses wundersch\u00f6ne Armband besteht aus 6 mm gro\u00dfen, facettierten Amethystkugeln, die auf einem 0,7 mm dicken, elastischen Band gef\u00e4delt sind. Es sind drei Herzen eingearbeitet. Diese haben jeweils ein Ma\u00df von 8 mm und bestehen aus 925er mattem Silber. Au\u00dferdem ist eine 4 mm gro\u00dfe Silberkugel eingearbeitet. Jedes Schmuckst\u00fcck wird mit dem Herzen entworfen und in liebevoller Handarbeit erstellt.<\/p>\n","protected":false},"featured_media":1594,"template":"","meta":{"_themeisle_gutenberg_block_has_review":false},"product_cat":[22,205,206],"product_tag":[33,34,58,35],"jetpack_sharing_enabled":true,"_links":{"self":[{"href":"https:\/\/yvisdesign.com\/de\/wp-json\/wp\/v2\/product\/1083"}],"collection":[{"href":"https:\/\/yvisdesign.com\/de\/wp-json\/wp\/v2\/product"}],"about":[{"href":"https:\/\/yvisdesign.com\/de\/wp-json\/wp\/v2\/types\/product"}],"wp:featuredmedia":[{"embeddable":true,"href":"https:\/\/yvisdesign.com\/de\/wp-json\/wp\/v2\/media\/1594"}],"wp:attachment":[{"href":"https:\/\/yvisdesign.com\/de\/wp-json\/wp\/v2\/media?parent=1083"}],"wp:term":[{"taxonomy":"product_cat","embeddable":true,"href":"https:\/\/yvisdesign.com\/de\/wp-json\/wp\/v2\/product_cat?post=1083"},{"taxonomy":"product_tag","embeddable":true,"href":"https:\/\/yvisdesign.com\/de\/wp-json\/wp\/v2\/product_tag?post=1083"}],"curies":[{"name":"wp","href":"https:\/\/api.w.org\/{rel}","templated":true}]}}