{"id":1084,"date":"2020-09-03T20:32:06","date_gmt":"2020-09-03T18:32:06","guid":{"rendered":"https:\/\/yvisdesign.com\/?post_type=product&#038;p=1084"},"modified":"2025-11-08T16:21:27","modified_gmt":"2025-11-08T15:21:27","slug":"seastar","status":"publish","type":"product","link":"https:\/\/yvisdesign.com\/de\/produkt\/seastar\/","title":{"rendered":"Seastar"},"content":{"rendered":"","protected":false},"excerpt":{"rendered":"<p>Das Lapislazuli Armband besteht aus 4 mm facettierten Lapislazuli Steinen. In das Armband ist ein 17 mm gro\u00dfer, aus 925er Silber bestehender Seestern eingearbeitet. Das Armband ist auf einem 0,7 mm dicken elastischen Band gef\u00e4delt und der Abschluss wird durch eine 4 mm Silberkugel gebildet. Jedes Schmuckst\u00fcck wird mit dem Herzen entworfen und in liebevoller Handarbeit erstellt.<\/p>\n","protected":false},"featured_media":1596,"template":"","meta":{"_themeisle_gutenberg_block_has_review":false},"product_cat":[22,205,206],"product_tag":[33,34,58,35],"jetpack_sharing_enabled":true,"_links":{"self":[{"href":"https:\/\/yvisdesign.com\/de\/wp-json\/wp\/v2\/product\/1084"}],"collection":[{"href":"https:\/\/yvisdesign.com\/de\/wp-json\/wp\/v2\/product"}],"about":[{"href":"https:\/\/yvisdesign.com\/de\/wp-json\/wp\/v2\/types\/product"}],"wp:featuredmedia":[{"embeddable":true,"href":"https:\/\/yvisdesign.com\/de\/wp-json\/wp\/v2\/media\/1596"}],"wp:attachment":[{"href":"https:\/\/yvisdesign.com\/de\/wp-json\/wp\/v2\/media?parent=1084"}],"wp:term":[{"taxonomy":"product_cat","embeddable":true,"href":"https:\/\/yvisdesign.com\/de\/wp-json\/wp\/v2\/product_cat?post=1084"},{"taxonomy":"product_tag","embeddable":true,"href":"https:\/\/yvisdesign.com\/de\/wp-json\/wp\/v2\/product_tag?post=1084"}],"curies":[{"name":"wp","href":"https:\/\/api.w.org\/{rel}","templated":true}]}}