{"id":1085,"date":"2020-09-03T20:37:18","date_gmt":"2020-09-03T18:37:18","guid":{"rendered":"https:\/\/yvisdesign.com\/?post_type=product&#038;p=1085"},"modified":"2025-11-08T16:17:39","modified_gmt":"2025-11-08T15:17:39","slug":"innere-ruhe","status":"publish","type":"product","link":"https:\/\/yvisdesign.com\/de\/produkt\/innere-ruhe\/","title":{"rendered":"Innere Ruhe"},"content":{"rendered":"","protected":false},"excerpt":{"rendered":"<p>Dieses wundersch\u00f6ne Lapislazuli Armband besteht aus 6 mm gro\u00dfen, runden Lapislazuli Kugeln, die auf einem 0,7 mm dicken, elastischen Band gef\u00e4delt sind. Es ist ein 8 mm gro\u00dfes Herz aus 925er Silber, matt, eingearbeitet. Den Abschluss bildet eine 4 mm gro\u00dfe Silberkugel. Jedes Schmuckst\u00fcck wird mit dem Herzen entworfen und in liebevoller Handarbeit erstellt.<\/p>\n","protected":false},"featured_media":1597,"template":"","meta":{"_themeisle_gutenberg_block_has_review":false},"product_cat":[22,205,206],"product_tag":[33,34,58,35],"jetpack_sharing_enabled":true,"_links":{"self":[{"href":"https:\/\/yvisdesign.com\/de\/wp-json\/wp\/v2\/product\/1085"}],"collection":[{"href":"https:\/\/yvisdesign.com\/de\/wp-json\/wp\/v2\/product"}],"about":[{"href":"https:\/\/yvisdesign.com\/de\/wp-json\/wp\/v2\/types\/product"}],"wp:featuredmedia":[{"embeddable":true,"href":"https:\/\/yvisdesign.com\/de\/wp-json\/wp\/v2\/media\/1597"}],"wp:attachment":[{"href":"https:\/\/yvisdesign.com\/de\/wp-json\/wp\/v2\/media?parent=1085"}],"wp:term":[{"taxonomy":"product_cat","embeddable":true,"href":"https:\/\/yvisdesign.com\/de\/wp-json\/wp\/v2\/product_cat?post=1085"},{"taxonomy":"product_tag","embeddable":true,"href":"https:\/\/yvisdesign.com\/de\/wp-json\/wp\/v2\/product_tag?post=1085"}],"curies":[{"name":"wp","href":"https:\/\/api.w.org\/{rel}","templated":true}]}}