{"id":1091,"date":"2020-08-31T22:24:27","date_gmt":"2020-08-31T20:24:27","guid":{"rendered":"https:\/\/yvisdesign.com\/?post_type=product&#038;p=1091"},"modified":"2025-11-10T00:08:23","modified_gmt":"2025-11-09T23:08:23","slug":"yin-yang","status":"publish","type":"product","link":"https:\/\/yvisdesign.com\/de\/produkt\/yin-yang\/","title":{"rendered":"Yin &#038; Yang"},"content":{"rendered":"","protected":false},"excerpt":{"rendered":"<p>Dieses wundersch\u00f6ne Lava Armband besteht aus 6 mm gro\u00dfen Lava Kugeln, die auf einem 0,7 mm dicken, elastischen Band gef\u00e4delt sind. Es ist das Yin &amp; Yang Zeichen eingearbeitet. Dieses ist 10 mm gro\u00df und aus 925er gl\u00e4nzendem Silber. Jedes Schmuckst\u00fcck wird mit dem Herzen entworfen und in liebevoller Handarbeit erstellt.<\/p>\n","protected":false},"featured_media":1324,"template":"","meta":{"_themeisle_gutenberg_block_has_review":false},"product_cat":[21,32],"product_tag":[33,37,35],"jetpack_sharing_enabled":true,"_links":{"self":[{"href":"https:\/\/yvisdesign.com\/de\/wp-json\/wp\/v2\/product\/1091"}],"collection":[{"href":"https:\/\/yvisdesign.com\/de\/wp-json\/wp\/v2\/product"}],"about":[{"href":"https:\/\/yvisdesign.com\/de\/wp-json\/wp\/v2\/types\/product"}],"wp:featuredmedia":[{"embeddable":true,"href":"https:\/\/yvisdesign.com\/de\/wp-json\/wp\/v2\/media\/1324"}],"wp:attachment":[{"href":"https:\/\/yvisdesign.com\/de\/wp-json\/wp\/v2\/media?parent=1091"}],"wp:term":[{"taxonomy":"product_cat","embeddable":true,"href":"https:\/\/yvisdesign.com\/de\/wp-json\/wp\/v2\/product_cat?post=1091"},{"taxonomy":"product_tag","embeddable":true,"href":"https:\/\/yvisdesign.com\/de\/wp-json\/wp\/v2\/product_tag?post=1091"}],"curies":[{"name":"wp","href":"https:\/\/api.w.org\/{rel}","templated":true}]}}