{"id":1093,"date":"2020-09-03T18:13:09","date_gmt":"2020-09-03T16:13:09","guid":{"rendered":"https:\/\/yvisdesign.com\/?post_type=product&#038;p=1093"},"modified":"2025-11-10T00:01:06","modified_gmt":"2025-11-09T23:01:06","slug":"focus","status":"publish","type":"product","link":"https:\/\/yvisdesign.com\/de\/produkt\/focus\/","title":{"rendered":"Focus"},"content":{"rendered":"","protected":false},"excerpt":{"rendered":"<p>Dieses wundersch\u00f6ne Armband besteht aus 8 mm gro\u00dfen, runden Tigerauge, Malachit, Lapislazuli und Lava Kugeln, die auf einem 0,7 mm dicken, elastischen Band gef\u00e4delt sind. Den Abschluss bildet eine 4 mm gro\u00dfe Silberkugel. Jedes Schmuckst\u00fcck wird mit dem Herzen entworfen und in liebevoller Handarbeit erstellt.<\/p>\n","protected":false},"featured_media":1381,"template":"","meta":{"_themeisle_gutenberg_block_has_review":false},"product_cat":[21,32],"product_tag":[33,37,35],"jetpack_sharing_enabled":true,"_links":{"self":[{"href":"https:\/\/yvisdesign.com\/de\/wp-json\/wp\/v2\/product\/1093"}],"collection":[{"href":"https:\/\/yvisdesign.com\/de\/wp-json\/wp\/v2\/product"}],"about":[{"href":"https:\/\/yvisdesign.com\/de\/wp-json\/wp\/v2\/types\/product"}],"wp:featuredmedia":[{"embeddable":true,"href":"https:\/\/yvisdesign.com\/de\/wp-json\/wp\/v2\/media\/1381"}],"wp:attachment":[{"href":"https:\/\/yvisdesign.com\/de\/wp-json\/wp\/v2\/media?parent=1093"}],"wp:term":[{"taxonomy":"product_cat","embeddable":true,"href":"https:\/\/yvisdesign.com\/de\/wp-json\/wp\/v2\/product_cat?post=1093"},{"taxonomy":"product_tag","embeddable":true,"href":"https:\/\/yvisdesign.com\/de\/wp-json\/wp\/v2\/product_tag?post=1093"}],"curies":[{"name":"wp","href":"https:\/\/api.w.org\/{rel}","templated":true}]}}