{"id":1096,"date":"2020-08-31T22:25:48","date_gmt":"2020-08-31T20:25:48","guid":{"rendered":"https:\/\/yvisdesign.com\/?post_type=product&#038;p=1096"},"modified":"2025-11-10T00:10:56","modified_gmt":"2025-11-09T23:10:56","slug":"relax","status":"publish","type":"product","link":"https:\/\/yvisdesign.com\/de\/produkt\/relax\/","title":{"rendered":"Relax"},"content":{"rendered":"","protected":false},"excerpt":{"rendered":"<p>Dieses wundersch\u00f6ne Armband f\u00fcr M\u00e4nner besteht aus 6 mm gro\u00dfen, runden Lapislazuli Kugeln, die auf einem 0,7 mm dicken, elastischen Band gef\u00e4delt sind. Au\u00dferdem sind f\u00fcnf 8 mm gro\u00dfe Lava Kugeln eingearbeitet. Den Abschluss bildet eine 4 mm gro\u00dfe Silberkugel. Jedes Schmuckst\u00fcck wird mit dem Herzen entworfen und in liebevoller Handarbeit erstellt.<\/p>\n","protected":false},"featured_media":1410,"template":"","meta":{"_themeisle_gutenberg_block_has_review":false},"product_cat":[21,32],"product_tag":[33,37,35],"jetpack_sharing_enabled":true,"_links":{"self":[{"href":"https:\/\/yvisdesign.com\/de\/wp-json\/wp\/v2\/product\/1096"}],"collection":[{"href":"https:\/\/yvisdesign.com\/de\/wp-json\/wp\/v2\/product"}],"about":[{"href":"https:\/\/yvisdesign.com\/de\/wp-json\/wp\/v2\/types\/product"}],"wp:featuredmedia":[{"embeddable":true,"href":"https:\/\/yvisdesign.com\/de\/wp-json\/wp\/v2\/media\/1410"}],"wp:attachment":[{"href":"https:\/\/yvisdesign.com\/de\/wp-json\/wp\/v2\/media?parent=1096"}],"wp:term":[{"taxonomy":"product_cat","embeddable":true,"href":"https:\/\/yvisdesign.com\/de\/wp-json\/wp\/v2\/product_cat?post=1096"},{"taxonomy":"product_tag","embeddable":true,"href":"https:\/\/yvisdesign.com\/de\/wp-json\/wp\/v2\/product_tag?post=1096"}],"curies":[{"name":"wp","href":"https:\/\/api.w.org\/{rel}","templated":true}]}}