{"id":1100,"date":"2020-09-03T18:25:18","date_gmt":"2020-09-03T16:25:18","guid":{"rendered":"https:\/\/yvisdesign.com\/?post_type=product&#038;p=1100"},"modified":"2025-11-08T16:51:45","modified_gmt":"2025-11-08T15:51:45","slug":"purple-wing","status":"publish","type":"product","link":"https:\/\/yvisdesign.com\/de\/produkt\/purple-wing\/","title":{"rendered":"Purple Wing"},"content":{"rendered":"","protected":false},"excerpt":{"rendered":"<p>Dieses wundersch\u00f6ne Schutzengel Armband besteht aus 6 mm gro\u00dfen, facettierten Amethystkugeln, die auf einem 0,7 mm dicken, elastischen Band gef\u00e4delt sind. Es ist ein Engelsfl\u00fcgel eingearbeitet. Dieser hat ein Ma\u00df von 32 x 16 mm und besteht aus 925er gl\u00e4nzendem Silber. Au\u00dferdem sind 4 mm gro\u00dfe Silberkugel eingearbeitet. Jedes Schmuckst\u00fcck wird mit dem Herzen entworfen und in liebevoller Handarbeit erstellt.<\/p>\n","protected":false},"featured_media":1427,"template":"","meta":{"_themeisle_gutenberg_block_has_review":false},"product_cat":[22,205,206],"product_tag":[33,34,58,35],"jetpack_sharing_enabled":true,"_links":{"self":[{"href":"https:\/\/yvisdesign.com\/de\/wp-json\/wp\/v2\/product\/1100"}],"collection":[{"href":"https:\/\/yvisdesign.com\/de\/wp-json\/wp\/v2\/product"}],"about":[{"href":"https:\/\/yvisdesign.com\/de\/wp-json\/wp\/v2\/types\/product"}],"wp:featuredmedia":[{"embeddable":true,"href":"https:\/\/yvisdesign.com\/de\/wp-json\/wp\/v2\/media\/1427"}],"wp:attachment":[{"href":"https:\/\/yvisdesign.com\/de\/wp-json\/wp\/v2\/media?parent=1100"}],"wp:term":[{"taxonomy":"product_cat","embeddable":true,"href":"https:\/\/yvisdesign.com\/de\/wp-json\/wp\/v2\/product_cat?post=1100"},{"taxonomy":"product_tag","embeddable":true,"href":"https:\/\/yvisdesign.com\/de\/wp-json\/wp\/v2\/product_tag?post=1100"}],"curies":[{"name":"wp","href":"https:\/\/api.w.org\/{rel}","templated":true}]}}