{"id":1103,"date":"2020-09-03T20:39:18","date_gmt":"2020-09-03T18:39:18","guid":{"rendered":"https:\/\/yvisdesign.com\/?post_type=product&#038;p=1103"},"modified":"2025-11-08T16:33:26","modified_gmt":"2025-11-08T15:33:26","slug":"lebenslust","status":"publish","type":"product","link":"https:\/\/yvisdesign.com\/de\/produkt\/lebenslust\/","title":{"rendered":"Enjoyment of life"},"content":{"rendered":"","protected":false},"excerpt":{"rendered":"<p>Das Armband besteht aus facettierten Heliotrop Steinen in einer Gr\u00f6\u00dfe von ca. 4 mm. In das Armband sind 5 ros\u00e9-farbige S\u00fc\u00dfwasser Zuchtperlen in einer Gr\u00f6\u00dfe von ca. 7 mm eingearbeitet. Das Armband ist auf einem Band gef\u00e4delt, welches aus 49 feinsten Stahlf\u00e4den besteht, die mit Nylon \u00fcberzogen sind. Dies gew\u00e4hrt eine sehr hohe Strapazierf\u00e4higkeit und somit Rei\u00dffestigkeit. Den Abschluss bildet eine silberner Karabiner-Verschluss. Jedes Schmuckst\u00fcck wird mit dem Herzen entworfen und in liebevoller Handarbeit erstellt.<\/p>\n","protected":false},"featured_media":1601,"template":"","meta":{"_themeisle_gutenberg_block_has_review":false},"product_cat":[22,205,206],"product_tag":[33,34,58,35],"jetpack_sharing_enabled":true,"_links":{"self":[{"href":"https:\/\/yvisdesign.com\/de\/wp-json\/wp\/v2\/product\/1103"}],"collection":[{"href":"https:\/\/yvisdesign.com\/de\/wp-json\/wp\/v2\/product"}],"about":[{"href":"https:\/\/yvisdesign.com\/de\/wp-json\/wp\/v2\/types\/product"}],"wp:featuredmedia":[{"embeddable":true,"href":"https:\/\/yvisdesign.com\/de\/wp-json\/wp\/v2\/media\/1601"}],"wp:attachment":[{"href":"https:\/\/yvisdesign.com\/de\/wp-json\/wp\/v2\/media?parent=1103"}],"wp:term":[{"taxonomy":"product_cat","embeddable":true,"href":"https:\/\/yvisdesign.com\/de\/wp-json\/wp\/v2\/product_cat?post=1103"},{"taxonomy":"product_tag","embeddable":true,"href":"https:\/\/yvisdesign.com\/de\/wp-json\/wp\/v2\/product_tag?post=1103"}],"curies":[{"name":"wp","href":"https:\/\/api.w.org\/{rel}","templated":true}]}}