{"id":1110,"date":"2020-09-03T20:49:21","date_gmt":"2020-09-03T18:49:21","guid":{"rendered":"https:\/\/yvisdesign.com\/?post_type=product&#038;p=1110"},"modified":"2021-09-15T16:30:41","modified_gmt":"2021-09-15T14:30:41","slug":"shiny","status":"publish","type":"product","link":"https:\/\/yvisdesign.com\/de\/produkt\/shiny\/","title":{"rendered":"Deep Love"},"content":{"rendered":"","protected":false},"excerpt":{"rendered":"<p>Das S\u00fc\u00dfwasser Zuchtperlen Armband besteht aus ros\u00e9-farbigen S\u00fc\u00dfwasser Zuchtperlen in einer Gr\u00f6\u00dfe von ca. 7 mm. In das Armband sind 6 vergoldete Herzen aus 925er Silber in einer Gr\u00f6\u00dfe von ca. 8 mm eingearbeitet. Das Armband ist auf einem Band gef\u00e4delt, welches aus 49 feinsten Stahlf\u00e4den besteht, die mit Nylon \u00fcberzogen sind. Dies gew\u00e4hrt eine sehr hohe Strapazierf\u00e4higkeit und somit Rei\u00dffestigkeit. Den Abschluss bildet eine vergoldeter Karabiner Verschluss. Jedes Schmuckst\u00fcck wird mit dem Herzen entworfen und in liebevoller Handarbeit erstellt.<\/p>\n","protected":false},"featured_media":1603,"template":"","meta":{"_themeisle_gutenberg_block_has_review":false},"product_cat":[22,30],"product_tag":[33,34,58,209,134],"jetpack_sharing_enabled":true,"_links":{"self":[{"href":"https:\/\/yvisdesign.com\/de\/wp-json\/wp\/v2\/product\/1110"}],"collection":[{"href":"https:\/\/yvisdesign.com\/de\/wp-json\/wp\/v2\/product"}],"about":[{"href":"https:\/\/yvisdesign.com\/de\/wp-json\/wp\/v2\/types\/product"}],"wp:featuredmedia":[{"embeddable":true,"href":"https:\/\/yvisdesign.com\/de\/wp-json\/wp\/v2\/media\/1603"}],"wp:attachment":[{"href":"https:\/\/yvisdesign.com\/de\/wp-json\/wp\/v2\/media?parent=1110"}],"wp:term":[{"taxonomy":"product_cat","embeddable":true,"href":"https:\/\/yvisdesign.com\/de\/wp-json\/wp\/v2\/product_cat?post=1110"},{"taxonomy":"product_tag","embeddable":true,"href":"https:\/\/yvisdesign.com\/de\/wp-json\/wp\/v2\/product_tag?post=1110"}],"curies":[{"name":"wp","href":"https:\/\/api.w.org\/{rel}","templated":true}]}}