{"id":1115,"date":"2020-09-03T18:27:27","date_gmt":"2020-09-03T16:27:27","guid":{"rendered":"https:\/\/yvisdesign.com\/?post_type=product&#038;p=1115"},"modified":"2025-11-08T16:36:54","modified_gmt":"2025-11-08T15:36:54","slug":"malachitschoenheit","status":"publish","type":"product","link":"https:\/\/yvisdesign.com\/de\/produkt\/malachitschoenheit\/","title":{"rendered":"Malachitsch\u00f6nheit"},"content":{"rendered":"","protected":false},"excerpt":{"rendered":"<p>Das Armband ist eine Komposition aus wundersch\u00f6nen, kraftvollen Malachitkugeln in einer Gr\u00f6\u00dfe von ca. 8 mm und diamatierten, vergoldeten 925er Silberkugeln in 3 mm, die im Wechsel aneinandergereit sind. Das Armband ist auf einem Band gef\u00e4delt, welches aus 49 feinsten Stahlf\u00e4den besteht, die mit Nylon \u00fcberzogen sind. Dies gew\u00e4hrt eine sehr hohe Strapazierf\u00e4higkeit und somit Rei\u00dffestigkeit. Den Abschluss bildet eine vergoldeter Karabiner Verschluss. Jedes Schmuckst\u00fcck wird mit dem Herzen entworfen und in liebevoller Handarbeit erstellt.<\/p>\n<p>&nbsp;<\/p>\n","protected":false},"featured_media":1433,"template":"","meta":{"_themeisle_gutenberg_block_has_review":false},"product_cat":[22,205,206],"product_tag":[33,34,58,134],"jetpack_sharing_enabled":true,"_links":{"self":[{"href":"https:\/\/yvisdesign.com\/de\/wp-json\/wp\/v2\/product\/1115"}],"collection":[{"href":"https:\/\/yvisdesign.com\/de\/wp-json\/wp\/v2\/product"}],"about":[{"href":"https:\/\/yvisdesign.com\/de\/wp-json\/wp\/v2\/types\/product"}],"wp:featuredmedia":[{"embeddable":true,"href":"https:\/\/yvisdesign.com\/de\/wp-json\/wp\/v2\/media\/1433"}],"wp:attachment":[{"href":"https:\/\/yvisdesign.com\/de\/wp-json\/wp\/v2\/media?parent=1115"}],"wp:term":[{"taxonomy":"product_cat","embeddable":true,"href":"https:\/\/yvisdesign.com\/de\/wp-json\/wp\/v2\/product_cat?post=1115"},{"taxonomy":"product_tag","embeddable":true,"href":"https:\/\/yvisdesign.com\/de\/wp-json\/wp\/v2\/product_tag?post=1115"}],"curies":[{"name":"wp","href":"https:\/\/api.w.org\/{rel}","templated":true}]}}