{"id":1120,"date":"2020-09-03T18:10:11","date_gmt":"2020-09-03T16:10:11","guid":{"rendered":"https:\/\/yvisdesign.com\/?post_type=product&#038;p=1120"},"modified":"2025-11-10T00:03:49","modified_gmt":"2025-11-09T23:03:49","slug":"protection","status":"publish","type":"product","link":"https:\/\/yvisdesign.com\/de\/produkt\/protection\/","title":{"rendered":"Protection"},"content":{"rendered":"","protected":false},"excerpt":{"rendered":"<p>Dieses wundersch\u00f6ne Rauchquarz Armband besteht aus 6 mm gro\u00dfen Rauchquarz Kugeln, die auf einem 0,7 mm dicken, elastischen Band gef\u00e4delt sind. Es ist das Yin &amp; Yang Zeichen eingearbeitet. Dieses ist 10 mm gro\u00df und aus 925er gl\u00e4nzendem Silber. Jedes Schmuckst\u00fcck wird mit dem Herzen entworfen und in liebevoller Handarbeit erstellt.<\/p>\n","protected":false},"featured_media":1386,"template":"","meta":{"_themeisle_gutenberg_block_has_review":false},"product_cat":[21,32],"product_tag":[33,37,35],"jetpack_sharing_enabled":true,"_links":{"self":[{"href":"https:\/\/yvisdesign.com\/de\/wp-json\/wp\/v2\/product\/1120"}],"collection":[{"href":"https:\/\/yvisdesign.com\/de\/wp-json\/wp\/v2\/product"}],"about":[{"href":"https:\/\/yvisdesign.com\/de\/wp-json\/wp\/v2\/types\/product"}],"wp:featuredmedia":[{"embeddable":true,"href":"https:\/\/yvisdesign.com\/de\/wp-json\/wp\/v2\/media\/1386"}],"wp:attachment":[{"href":"https:\/\/yvisdesign.com\/de\/wp-json\/wp\/v2\/media?parent=1120"}],"wp:term":[{"taxonomy":"product_cat","embeddable":true,"href":"https:\/\/yvisdesign.com\/de\/wp-json\/wp\/v2\/product_cat?post=1120"},{"taxonomy":"product_tag","embeddable":true,"href":"https:\/\/yvisdesign.com\/de\/wp-json\/wp\/v2\/product_tag?post=1120"}],"curies":[{"name":"wp","href":"https:\/\/api.w.org\/{rel}","templated":true}]}}