{"id":1124,"date":"2020-09-03T18:14:50","date_gmt":"2020-09-03T16:14:50","guid":{"rendered":"https:\/\/yvisdesign.com\/?post_type=product&#038;p=1124"},"modified":"2025-11-09T23:58:53","modified_gmt":"2025-11-09T22:58:53","slug":"ruhe-und-klarheit","status":"publish","type":"product","link":"https:\/\/yvisdesign.com\/de\/produkt\/ruhe-und-klarheit\/","title":{"rendered":"Ruhe und Klarheit"},"content":{"rendered":"","protected":false},"excerpt":{"rendered":"<p>Dieses wundersch\u00f6ne Armband besteht aus 8 mm gro\u00dfen Rhyolith Kugeln, die auf einem 0,7 mm dicken, elastischen Band gef\u00e4delt sind. Es ist das OM Zeichen eingearbeitet. Dieses ist 12 mm gro\u00df und aus 925er gl\u00e4nzendem Silber. Jedes Schmuckst\u00fcck wird mit dem Herzen entworfen und in liebevoller Handarbeit erstellt.<\/p>\n","protected":false},"featured_media":1390,"template":"","meta":{"_themeisle_gutenberg_block_has_review":false},"product_cat":[21,32],"product_tag":[33,37,35],"jetpack_sharing_enabled":true,"_links":{"self":[{"href":"https:\/\/yvisdesign.com\/de\/wp-json\/wp\/v2\/product\/1124"}],"collection":[{"href":"https:\/\/yvisdesign.com\/de\/wp-json\/wp\/v2\/product"}],"about":[{"href":"https:\/\/yvisdesign.com\/de\/wp-json\/wp\/v2\/types\/product"}],"wp:featuredmedia":[{"embeddable":true,"href":"https:\/\/yvisdesign.com\/de\/wp-json\/wp\/v2\/media\/1390"}],"wp:attachment":[{"href":"https:\/\/yvisdesign.com\/de\/wp-json\/wp\/v2\/media?parent=1124"}],"wp:term":[{"taxonomy":"product_cat","embeddable":true,"href":"https:\/\/yvisdesign.com\/de\/wp-json\/wp\/v2\/product_cat?post=1124"},{"taxonomy":"product_tag","embeddable":true,"href":"https:\/\/yvisdesign.com\/de\/wp-json\/wp\/v2\/product_tag?post=1124"}],"curies":[{"name":"wp","href":"https:\/\/api.w.org\/{rel}","templated":true}]}}