{"id":1138,"date":"2020-08-26T20:52:01","date_gmt":"2020-08-26T18:52:01","guid":{"rendered":"https:\/\/yvisdesign.com\/?post_type=product&#038;p=1138"},"modified":"2022-08-15T10:14:02","modified_gmt":"2022-08-15T08:14:02","slug":"blue-angel","status":"publish","type":"product","link":"https:\/\/yvisdesign.com\/de\/produkt\/blue-angel\/","title":{"rendered":"Blue Angel"},"content":{"rendered":"","protected":false},"excerpt":{"rendered":"<p>Diese wundersch\u00f6nen Ohrringe bestehen aus jeweils zwei 4 mm gro\u00dfen, facettierten Lapislazuli Steinen und jeweils einem Engelsfl\u00fcgel. Dieser ist 20 x 7 mm gro\u00df und besteht aus 925er Silber, der dann vergoldet wurde. Den Abschluss bildet der vergoldete Klapp-Verschluss. Jedes Schmuckst\u00fcck wird mit dem Herzen entworfen und in liebevoller Handarbeit erstellt.<\/p>\n","protected":false},"featured_media":1255,"template":"","meta":{"_themeisle_gutenberg_block_has_review":false},"product_cat":[22,28],"product_tag":[58,41,38,134],"jetpack_sharing_enabled":true,"_links":{"self":[{"href":"https:\/\/yvisdesign.com\/de\/wp-json\/wp\/v2\/product\/1138"}],"collection":[{"href":"https:\/\/yvisdesign.com\/de\/wp-json\/wp\/v2\/product"}],"about":[{"href":"https:\/\/yvisdesign.com\/de\/wp-json\/wp\/v2\/types\/product"}],"wp:featuredmedia":[{"embeddable":true,"href":"https:\/\/yvisdesign.com\/de\/wp-json\/wp\/v2\/media\/1255"}],"wp:attachment":[{"href":"https:\/\/yvisdesign.com\/de\/wp-json\/wp\/v2\/media?parent=1138"}],"wp:term":[{"taxonomy":"product_cat","embeddable":true,"href":"https:\/\/yvisdesign.com\/de\/wp-json\/wp\/v2\/product_cat?post=1138"},{"taxonomy":"product_tag","embeddable":true,"href":"https:\/\/yvisdesign.com\/de\/wp-json\/wp\/v2\/product_tag?post=1138"}],"curies":[{"name":"wp","href":"https:\/\/api.w.org\/{rel}","templated":true}]}}