{"id":1141,"date":"2020-08-26T20:42:17","date_gmt":"2020-08-26T18:42:17","guid":{"rendered":"https:\/\/yvisdesign.com\/?post_type=product&#038;p=1141"},"modified":"2022-08-15T10:14:18","modified_gmt":"2022-08-15T08:14:18","slug":"stylish-star","status":"publish","type":"product","link":"https:\/\/yvisdesign.com\/de\/produkt\/stylish-star\/","title":{"rendered":"Stylish Star"},"content":{"rendered":"","protected":false},"excerpt":{"rendered":"<p>Diese Ohrringe bestehen aus jeweils einer ca. 7 mm gro\u00dfen, ros\u00e9 farbigen S\u00fc\u00dfwasser Zuchtperlen und jeweils einem Seestern, der aus 925er Silber besteht und vergoldet ist. Er ist 17 mm gro\u00df. Den Abschluss bildet der vergoldete Klapp-Verschluss. Jedes Schmuckst\u00fcck wird mit dem Herzen entworfen und in liebevoller Handarbeit erstellt.<\/p>\n","protected":false},"featured_media":1189,"template":"","meta":{"_themeisle_gutenberg_block_has_review":false},"product_cat":[22,28,30],"product_tag":[58,41,38,209,134],"jetpack_sharing_enabled":true,"_links":{"self":[{"href":"https:\/\/yvisdesign.com\/de\/wp-json\/wp\/v2\/product\/1141"}],"collection":[{"href":"https:\/\/yvisdesign.com\/de\/wp-json\/wp\/v2\/product"}],"about":[{"href":"https:\/\/yvisdesign.com\/de\/wp-json\/wp\/v2\/types\/product"}],"wp:featuredmedia":[{"embeddable":true,"href":"https:\/\/yvisdesign.com\/de\/wp-json\/wp\/v2\/media\/1189"}],"wp:attachment":[{"href":"https:\/\/yvisdesign.com\/de\/wp-json\/wp\/v2\/media?parent=1141"}],"wp:term":[{"taxonomy":"product_cat","embeddable":true,"href":"https:\/\/yvisdesign.com\/de\/wp-json\/wp\/v2\/product_cat?post=1141"},{"taxonomy":"product_tag","embeddable":true,"href":"https:\/\/yvisdesign.com\/de\/wp-json\/wp\/v2\/product_tag?post=1141"}],"curies":[{"name":"wp","href":"https:\/\/api.w.org\/{rel}","templated":true}]}}