{"id":1144,"date":"2020-08-26T20:48:47","date_gmt":"2020-08-26T18:48:47","guid":{"rendered":"https:\/\/yvisdesign.com\/?post_type=product&#038;p=1144"},"modified":"2022-08-15T10:09:50","modified_gmt":"2022-08-15T08:09:50","slug":"ocean-emotion","status":"publish","type":"product","link":"https:\/\/yvisdesign.com\/de\/produkt\/ocean-emotion\/","title":{"rendered":"Ocean Emotion"},"content":{"rendered":"","protected":false},"excerpt":{"rendered":"<p>Diese wundersch\u00f6nen Ohrringe bestehen aus jeweils zwei 6 mm gro\u00dfen, runden Lapislazuli Kugeln und jeweils einer 4 mm gro\u00dfen, vergoldeten, diamentierten 925er Silberkugel und jeweils einer 2,2 mm rund vergoldete Silberkugel. Den Abschluss bildet der vergoldete Klapp-Verschluss. Jedes Schmuckst\u00fcck wird mit dem Herzen entworfen und in liebevoller Handarbeit erstellt.<\/p>\n","protected":false},"featured_media":1173,"template":"","meta":{"_themeisle_gutenberg_block_has_review":false},"product_cat":[22,28],"product_tag":[58,41,38,134],"jetpack_sharing_enabled":true,"_links":{"self":[{"href":"https:\/\/yvisdesign.com\/de\/wp-json\/wp\/v2\/product\/1144"}],"collection":[{"href":"https:\/\/yvisdesign.com\/de\/wp-json\/wp\/v2\/product"}],"about":[{"href":"https:\/\/yvisdesign.com\/de\/wp-json\/wp\/v2\/types\/product"}],"wp:featuredmedia":[{"embeddable":true,"href":"https:\/\/yvisdesign.com\/de\/wp-json\/wp\/v2\/media\/1173"}],"wp:attachment":[{"href":"https:\/\/yvisdesign.com\/de\/wp-json\/wp\/v2\/media?parent=1144"}],"wp:term":[{"taxonomy":"product_cat","embeddable":true,"href":"https:\/\/yvisdesign.com\/de\/wp-json\/wp\/v2\/product_cat?post=1144"},{"taxonomy":"product_tag","embeddable":true,"href":"https:\/\/yvisdesign.com\/de\/wp-json\/wp\/v2\/product_tag?post=1144"}],"curies":[{"name":"wp","href":"https:\/\/api.w.org\/{rel}","templated":true}]}}