{"id":1148,"date":"2020-09-08T11:27:45","date_gmt":"2020-09-08T09:27:45","guid":{"rendered":"https:\/\/yvisdesign.com\/?post_type=product&#038;p=1148"},"modified":"2022-08-15T10:06:05","modified_gmt":"2022-08-15T08:06:05","slug":"first-love","status":"publish","type":"product","link":"https:\/\/yvisdesign.com\/de\/produkt\/first-love\/","title":{"rendered":"First Love"},"content":{"rendered":"","protected":false},"excerpt":{"rendered":"<p>Diese Ohrringe bestehen aus jeweils zwei ca. 7 mm gro\u00dfen, ros\u00e9 farbigen S\u00fc\u00dfwasser Zuchtperlen und jeweils einer 3 mm gro\u00dfen, vergoldeten 925er Silberkugel, welche diamantiert wurde. Den Abschluss bildet der vergoldete Klapp-Verschluss. Jedes Schmuckst\u00fcck wird mit dem Herzen entworfen und in liebevoller Handarbeit erstellt.<\/p>\n","protected":false},"featured_media":1214,"template":"","meta":{"_themeisle_gutenberg_block_has_review":false},"product_cat":[22,28,30],"product_tag":[58,41,38,209,134],"jetpack_sharing_enabled":true,"_links":{"self":[{"href":"https:\/\/yvisdesign.com\/de\/wp-json\/wp\/v2\/product\/1148"}],"collection":[{"href":"https:\/\/yvisdesign.com\/de\/wp-json\/wp\/v2\/product"}],"about":[{"href":"https:\/\/yvisdesign.com\/de\/wp-json\/wp\/v2\/types\/product"}],"wp:featuredmedia":[{"embeddable":true,"href":"https:\/\/yvisdesign.com\/de\/wp-json\/wp\/v2\/media\/1214"}],"wp:attachment":[{"href":"https:\/\/yvisdesign.com\/de\/wp-json\/wp\/v2\/media?parent=1148"}],"wp:term":[{"taxonomy":"product_cat","embeddable":true,"href":"https:\/\/yvisdesign.com\/de\/wp-json\/wp\/v2\/product_cat?post=1148"},{"taxonomy":"product_tag","embeddable":true,"href":"https:\/\/yvisdesign.com\/de\/wp-json\/wp\/v2\/product_tag?post=1148"}],"curies":[{"name":"wp","href":"https:\/\/api.w.org\/{rel}","templated":true}]}}