{"id":1208,"date":"2020-09-06T19:05:13","date_gmt":"2020-09-06T17:05:13","guid":{"rendered":"https:\/\/yvisdesign.com\/?post_type=product&#038;p=1208"},"modified":"2021-09-13T23:46:18","modified_gmt":"2021-09-13T21:46:18","slug":"gold-rainbow","status":"publish","type":"product","link":"https:\/\/yvisdesign.com\/de\/produkt\/gold-rainbow\/","title":{"rendered":"Golden Rainbow"},"content":{"rendered":"","protected":false},"excerpt":{"rendered":"<p>Dieser wundersch\u00f6ne Anh\u00e4nger besteht aus zwei 6 mm gro\u00dfen, facettierten Bergkristall Steinen und einem Engelsfl\u00fcgel. Dieser ist 20 x 7 mm gro\u00df und besteht aus vergoldetem \u00a0925er Silber. Jedes Schmuckst\u00fcck wird mit dem Herzen entworfen und in liebevoller Handarbeit erstellt.<\/p>\n","protected":false},"featured_media":1302,"template":"","meta":{"_themeisle_gutenberg_block_has_review":false},"product_cat":[22,29],"product_tag":[42,41,134],"jetpack_sharing_enabled":true,"_links":{"self":[{"href":"https:\/\/yvisdesign.com\/de\/wp-json\/wp\/v2\/product\/1208"}],"collection":[{"href":"https:\/\/yvisdesign.com\/de\/wp-json\/wp\/v2\/product"}],"about":[{"href":"https:\/\/yvisdesign.com\/de\/wp-json\/wp\/v2\/types\/product"}],"wp:featuredmedia":[{"embeddable":true,"href":"https:\/\/yvisdesign.com\/de\/wp-json\/wp\/v2\/media\/1302"}],"wp:attachment":[{"href":"https:\/\/yvisdesign.com\/de\/wp-json\/wp\/v2\/media?parent=1208"}],"wp:term":[{"taxonomy":"product_cat","embeddable":true,"href":"https:\/\/yvisdesign.com\/de\/wp-json\/wp\/v2\/product_cat?post=1208"},{"taxonomy":"product_tag","embeddable":true,"href":"https:\/\/yvisdesign.com\/de\/wp-json\/wp\/v2\/product_tag?post=1208"}],"curies":[{"name":"wp","href":"https:\/\/api.w.org\/{rel}","templated":true}]}}