{"id":1211,"date":"2020-09-06T19:06:46","date_gmt":"2020-09-06T17:06:46","guid":{"rendered":"https:\/\/yvisdesign.com\/?post_type=product&#038;p=1211"},"modified":"2025-11-09T08:23:59","modified_gmt":"2025-11-09T07:23:59","slug":"seyshells","status":"publish","type":"product","link":"https:\/\/yvisdesign.com\/de\/produkt\/seyshells\/","title":{"rendered":"Seychells"},"content":{"rendered":"","protected":false},"excerpt":{"rendered":"<p>Dieser wundersch\u00f6ne Anh\u00e4nger besteht aus drei 3&#215;5 mm gro\u00dfen, facettierten Lapislazuli Steinen und einem Seestern. Dieser ist 17 mm gro\u00df und besteht aus vergoldetem 925er Silber. Es sind kleine vergoldete Kugeln als Zwischenelemente eingearbeitet. Jedes Schmuckst\u00fcck ist mit dem Herzen entworfen und in liebevoller Handarbeit erstellt.<\/p>\n","protected":false},"featured_media":1306,"template":"","meta":{"_themeisle_gutenberg_block_has_review":false},"product_cat":[22,29],"product_tag":[42,41,134],"jetpack_sharing_enabled":true,"_links":{"self":[{"href":"https:\/\/yvisdesign.com\/de\/wp-json\/wp\/v2\/product\/1211"}],"collection":[{"href":"https:\/\/yvisdesign.com\/de\/wp-json\/wp\/v2\/product"}],"about":[{"href":"https:\/\/yvisdesign.com\/de\/wp-json\/wp\/v2\/types\/product"}],"wp:featuredmedia":[{"embeddable":true,"href":"https:\/\/yvisdesign.com\/de\/wp-json\/wp\/v2\/media\/1306"}],"wp:attachment":[{"href":"https:\/\/yvisdesign.com\/de\/wp-json\/wp\/v2\/media?parent=1211"}],"wp:term":[{"taxonomy":"product_cat","embeddable":true,"href":"https:\/\/yvisdesign.com\/de\/wp-json\/wp\/v2\/product_cat?post=1211"},{"taxonomy":"product_tag","embeddable":true,"href":"https:\/\/yvisdesign.com\/de\/wp-json\/wp\/v2\/product_tag?post=1211"}],"curies":[{"name":"wp","href":"https:\/\/api.w.org\/{rel}","templated":true}]}}