{"id":1330,"date":"2020-09-06T23:08:35","date_gmt":"2020-09-06T21:08:35","guid":{"rendered":"https:\/\/yvisdesign.com\/?post_type=product&#038;p=1330"},"modified":"2021-09-08T14:18:07","modified_gmt":"2021-09-08T12:18:07","slug":"miami-beach","status":"publish","type":"product","link":"https:\/\/yvisdesign.com\/de\/produkt\/miami-beach\/","title":{"rendered":"Miami Beach"},"content":{"rendered":"","protected":false},"excerpt":{"rendered":"<p>Diese Halskette ist ca. 42 cm lang und die Mitte bildet eine aus 925er Silber bestehender Seestern. Der Seestern hat eine Gr\u00f6\u00dfe von 17 mm. Er ist auf einem 0,45 mm Band, bestehend aus 19 Stahlf\u00e4den, die mit silber \u00fcberzogen sind, gef\u00e4delt. Um die Strapazierf\u00e4higkeit zu gew\u00e4hren, ist die Oberfl\u00e4che noch mit einem speziellen Nylon\u00fcberzug bearbeitet worden. Den Abschluss der Kette bildet der silberne Karabiner-Verschluss. Jedes Schmuckst\u00fcck ist mit dem Herzen entworfen und in liebevoller Handarbeit erstellt.<\/p>\n","protected":false},"featured_media":1529,"template":"","meta":{"_themeisle_gutenberg_block_has_review":false},"product_cat":[22,142,26],"product_tag":[58,41,44,35],"jetpack_sharing_enabled":true,"_links":{"self":[{"href":"https:\/\/yvisdesign.com\/de\/wp-json\/wp\/v2\/product\/1330"}],"collection":[{"href":"https:\/\/yvisdesign.com\/de\/wp-json\/wp\/v2\/product"}],"about":[{"href":"https:\/\/yvisdesign.com\/de\/wp-json\/wp\/v2\/types\/product"}],"wp:featuredmedia":[{"embeddable":true,"href":"https:\/\/yvisdesign.com\/de\/wp-json\/wp\/v2\/media\/1529"}],"wp:attachment":[{"href":"https:\/\/yvisdesign.com\/de\/wp-json\/wp\/v2\/media?parent=1330"}],"wp:term":[{"taxonomy":"product_cat","embeddable":true,"href":"https:\/\/yvisdesign.com\/de\/wp-json\/wp\/v2\/product_cat?post=1330"},{"taxonomy":"product_tag","embeddable":true,"href":"https:\/\/yvisdesign.com\/de\/wp-json\/wp\/v2\/product_tag?post=1330"}],"curies":[{"name":"wp","href":"https:\/\/api.w.org\/{rel}","templated":true}]}}