{"id":1336,"date":"2020-09-07T21:34:28","date_gmt":"2020-09-07T19:34:28","guid":{"rendered":"https:\/\/yvisdesign.com\/?post_type=product&#038;p=1336"},"modified":"2021-09-10T12:50:41","modified_gmt":"2021-09-10T10:50:41","slug":"be-classy-in-gold","status":"publish","type":"product","link":"https:\/\/yvisdesign.com\/de\/produkt\/be-classy-in-gold\/","title":{"rendered":"Be Classy in Gold"},"content":{"rendered":"","protected":false},"excerpt":{"rendered":"<p>Diese Halskette ist ca. 42 cm lang und die Mitte bildet eine wei\u00dfe, 12-13 mm gro\u00dfe S\u00fc\u00dfwasser Zuchtperle. Die Perle ist auf einem 0,45 mm Band, bestehend aus 19 Stahlf\u00e4den, die mit 24 Karat Gold \u00fcberzogen sind, gef\u00e4delt. Um die Strapazierf\u00e4higkeit zu gew\u00e4hren, ist die Oberfl\u00e4che noch mit einem speziellen Nylon\u00fcberzug bearbeitet worden. Den Abschluss der Kette bildet ein vergoldeter 925er silberner Karabiner-Verschluss. Jedes Schmuckst\u00fcck ist mit dem Herzen entworfen und in liebevoller Handarbeit erstellt.<\/p>\n","protected":false},"featured_media":1616,"template":"","meta":{"_themeisle_gutenberg_block_has_review":false},"product_cat":[22,30],"product_tag":[58,41,36,44,209,134],"jetpack_sharing_enabled":true,"_links":{"self":[{"href":"https:\/\/yvisdesign.com\/de\/wp-json\/wp\/v2\/product\/1336"}],"collection":[{"href":"https:\/\/yvisdesign.com\/de\/wp-json\/wp\/v2\/product"}],"about":[{"href":"https:\/\/yvisdesign.com\/de\/wp-json\/wp\/v2\/types\/product"}],"wp:featuredmedia":[{"embeddable":true,"href":"https:\/\/yvisdesign.com\/de\/wp-json\/wp\/v2\/media\/1616"}],"wp:attachment":[{"href":"https:\/\/yvisdesign.com\/de\/wp-json\/wp\/v2\/media?parent=1336"}],"wp:term":[{"taxonomy":"product_cat","embeddable":true,"href":"https:\/\/yvisdesign.com\/de\/wp-json\/wp\/v2\/product_cat?post=1336"},{"taxonomy":"product_tag","embeddable":true,"href":"https:\/\/yvisdesign.com\/de\/wp-json\/wp\/v2\/product_tag?post=1336"}],"curies":[{"name":"wp","href":"https:\/\/api.w.org\/{rel}","templated":true}]}}