{"id":1338,"date":"2020-09-08T22:07:20","date_gmt":"2020-09-08T20:07:20","guid":{"rendered":"https:\/\/yvisdesign.com\/?post_type=product&#038;p=1338"},"modified":"2021-09-10T13:08:37","modified_gmt":"2021-09-10T11:08:37","slug":"be-classy-in-petrol-silver","status":"publish","type":"product","link":"https:\/\/yvisdesign.com\/de\/produkt\/be-classy-in-petrol-silver\/","title":{"rendered":"Be Classy in Petrol Silver"},"content":{"rendered":"","protected":false},"excerpt":{"rendered":"<p>Diese Halskette ist ca. 42 cm lang und die Mitte bildet eine petrol-farbige, 12-13 mm gro\u00dfe S\u00fc\u00dfwasser Zuchtperle. Die Perle ist auf einem 0,45 mm Band, bestehend aus 19 Stahlf\u00e4den, die mit silber \u00fcberzogen sind, gef\u00e4delt. Um die Strapazierf\u00e4higkeit zu gew\u00e4hren, ist die Oberfl\u00e4che noch mit einem speziellen Nylon\u00fcberzug bearbeitet worden. Den Abschluss der Kette bildet der silberne Karabiner-Verschluss. Jedes Schmuckst\u00fcck ist mit dem Herzen entworfen und in liebevoller Handarbeit erstellt.<\/p>\n","protected":false},"featured_media":1669,"template":"","meta":{"_themeisle_gutenberg_block_has_review":false},"product_cat":[22,30],"product_tag":[58,41,44,209,35],"jetpack_sharing_enabled":true,"_links":{"self":[{"href":"https:\/\/yvisdesign.com\/de\/wp-json\/wp\/v2\/product\/1338"}],"collection":[{"href":"https:\/\/yvisdesign.com\/de\/wp-json\/wp\/v2\/product"}],"about":[{"href":"https:\/\/yvisdesign.com\/de\/wp-json\/wp\/v2\/types\/product"}],"wp:featuredmedia":[{"embeddable":true,"href":"https:\/\/yvisdesign.com\/de\/wp-json\/wp\/v2\/media\/1669"}],"wp:attachment":[{"href":"https:\/\/yvisdesign.com\/de\/wp-json\/wp\/v2\/media?parent=1338"}],"wp:term":[{"taxonomy":"product_cat","embeddable":true,"href":"https:\/\/yvisdesign.com\/de\/wp-json\/wp\/v2\/product_cat?post=1338"},{"taxonomy":"product_tag","embeddable":true,"href":"https:\/\/yvisdesign.com\/de\/wp-json\/wp\/v2\/product_tag?post=1338"}],"curies":[{"name":"wp","href":"https:\/\/api.w.org\/{rel}","templated":true}]}}