{"id":1342,"date":"2020-09-06T22:42:29","date_gmt":"2020-09-06T20:42:29","guid":{"rendered":"https:\/\/yvisdesign.com\/?post_type=product&#038;p=1342"},"modified":"2021-09-08T14:30:01","modified_gmt":"2021-09-08T12:30:01","slug":"cosmopolitan","status":"publish","type":"product","link":"https:\/\/yvisdesign.com\/de\/produkt\/cosmopolitan\/","title":{"rendered":"Cosmopolitan"},"content":{"rendered":"","protected":false},"excerpt":{"rendered":"<p>Die Kette ist ca. 42 cm lang und besteht aus facettierten 6 mm, gef\u00e4rbten schwarzen Onyx Steinen. In der Mitte der Kette befindet sich ein Herz in einer Gr\u00f6\u00dfe von ca. 14 mm und aus vergoldetem 925er Silber. In regelm\u00e4\u00dfigen Abst\u00e4nden sind 6 vergoldete Silberkugeln in einer Gr\u00f6\u00dfe von 4 mm eingearbeitet. Die Elemente sind auf einem Band gef\u00e4delt, welches aus 49 feinsten Stahlf\u00e4den besteht, die mit Nylon \u00fcberzogen sind. Dies gew\u00e4hrt eine sehr hohe Strapazierf\u00e4higkeit und somit Rei\u00dffestigkeit. Den Abschluss bildet ein vergoldeter 925er silbener Karabiner-Verschluss. Jedes Schmuckst\u00fcck wird mit dem Herzen entworfen und in liebevoller Handarbeit erstellt.<\/p>\n","protected":false},"featured_media":4681,"template":"","meta":{"_themeisle_gutenberg_block_has_review":false},"product_cat":[22,142,26],"product_tag":[58,41,44,134],"jetpack_sharing_enabled":true,"_links":{"self":[{"href":"https:\/\/yvisdesign.com\/de\/wp-json\/wp\/v2\/product\/1342"}],"collection":[{"href":"https:\/\/yvisdesign.com\/de\/wp-json\/wp\/v2\/product"}],"about":[{"href":"https:\/\/yvisdesign.com\/de\/wp-json\/wp\/v2\/types\/product"}],"wp:featuredmedia":[{"embeddable":true,"href":"https:\/\/yvisdesign.com\/de\/wp-json\/wp\/v2\/media\/4681"}],"wp:attachment":[{"href":"https:\/\/yvisdesign.com\/de\/wp-json\/wp\/v2\/media?parent=1342"}],"wp:term":[{"taxonomy":"product_cat","embeddable":true,"href":"https:\/\/yvisdesign.com\/de\/wp-json\/wp\/v2\/product_cat?post=1342"},{"taxonomy":"product_tag","embeddable":true,"href":"https:\/\/yvisdesign.com\/de\/wp-json\/wp\/v2\/product_tag?post=1342"}],"curies":[{"name":"wp","href":"https:\/\/api.w.org\/{rel}","templated":true}]}}