{"id":1343,"date":"2020-09-06T22:43:23","date_gmt":"2020-09-06T20:43:23","guid":{"rendered":"https:\/\/yvisdesign.com\/?post_type=product&#038;p=1343"},"modified":"2022-05-26T14:36:41","modified_gmt":"2022-05-26T12:36:41","slug":"lavasunset","status":"publish","type":"product","link":"https:\/\/yvisdesign.com\/de\/produkt\/lavasunset\/","title":{"rendered":"Lavasunset"},"content":{"rendered":"","protected":false},"excerpt":{"rendered":"<p>Diese wundersch\u00f6ne Kette ist ca. 42 cm lang und besteht aus abwechselnd aneinandergereihten 8 mm, polierten Lavakugeln mit 3 mm gro\u00dfen diamantierten, vergoldten 925er Silberkugeln. Die Elemente sind auf einem 0,45 mm Band gef\u00e4delt, bestehend aus 49 feinsten Stahlf\u00e4den, die mit Nylon \u00fcberzogen sind. Dies gew\u00e4hrt eine sehr hohe Strapazierf\u00e4higkeit und somit Rei\u00dffestigkeit. Den Abschluss bildet ein vergoldeter 925er silbener Karabiner-Verschluss. Jedes Schmuckst\u00fcck wird mit dem Herzen entworfen und in liebevoller Handarbeit erstellt.<\/p>\n","protected":false},"featured_media":1514,"template":"","meta":{"_themeisle_gutenberg_block_has_review":false},"product_cat":[22,142,26],"product_tag":[58,41,44,134],"jetpack_sharing_enabled":true,"_links":{"self":[{"href":"https:\/\/yvisdesign.com\/de\/wp-json\/wp\/v2\/product\/1343"}],"collection":[{"href":"https:\/\/yvisdesign.com\/de\/wp-json\/wp\/v2\/product"}],"about":[{"href":"https:\/\/yvisdesign.com\/de\/wp-json\/wp\/v2\/types\/product"}],"wp:featuredmedia":[{"embeddable":true,"href":"https:\/\/yvisdesign.com\/de\/wp-json\/wp\/v2\/media\/1514"}],"wp:attachment":[{"href":"https:\/\/yvisdesign.com\/de\/wp-json\/wp\/v2\/media?parent=1343"}],"wp:term":[{"taxonomy":"product_cat","embeddable":true,"href":"https:\/\/yvisdesign.com\/de\/wp-json\/wp\/v2\/product_cat?post=1343"},{"taxonomy":"product_tag","embeddable":true,"href":"https:\/\/yvisdesign.com\/de\/wp-json\/wp\/v2\/product_tag?post=1343"}],"curies":[{"name":"wp","href":"https:\/\/api.w.org\/{rel}","templated":true}]}}