{"id":1346,"date":"2020-09-03T23:13:47","date_gmt":"2020-09-03T21:13:47","guid":{"rendered":"https:\/\/yvisdesign.com\/?post_type=product&#038;p=1346"},"modified":"2021-09-10T13:11:19","modified_gmt":"2021-09-10T11:11:19","slug":"pink-heart-magic","status":"publish","type":"product","link":"https:\/\/yvisdesign.com\/de\/produkt\/pink-heart-magic\/","title":{"rendered":"Pink Heart Magic"},"content":{"rendered":"","protected":false},"excerpt":{"rendered":"<p>Diese Halskette ist ca. 42 cm lang und die Mitte bildet ein aus 925er Silber vergoldetes Herz in einer Gr\u00f6\u00dfe von 14 mm. Dieses Herz ist umgeben von zwei ros\u00e9-farbigen, ca. 7 mm gro\u00dfen, S\u00fc\u00dfwasser Zuchtperlen. Die Perlen sind auf einem 0,45 mm Band, bestehend aus 19 Stahlf\u00e4den, die mit 24 Karat Gold \u00fcberzogen sind, gef\u00e4delt. Um die Strapazierf\u00e4higkeit zu gew\u00e4hren, ist die Oberfl\u00e4che noch mit einem speziellen Nylon\u00fcberzug bearbeitet worden. Den Abschluss der Kette bildet der vergoldeter 925er silbener Karabiner-Verschluss.\u00a0Jedes Schmuckst\u00fcck ist mit dem Herzen entworfen und in liebevoller Handarbeit erstellt.<\/p>\n","protected":false},"featured_media":1609,"template":"","meta":{"_themeisle_gutenberg_block_has_review":false},"product_cat":[22,30],"product_tag":[58,41,44,209,134],"jetpack_sharing_enabled":true,"_links":{"self":[{"href":"https:\/\/yvisdesign.com\/de\/wp-json\/wp\/v2\/product\/1346"}],"collection":[{"href":"https:\/\/yvisdesign.com\/de\/wp-json\/wp\/v2\/product"}],"about":[{"href":"https:\/\/yvisdesign.com\/de\/wp-json\/wp\/v2\/types\/product"}],"wp:featuredmedia":[{"embeddable":true,"href":"https:\/\/yvisdesign.com\/de\/wp-json\/wp\/v2\/media\/1609"}],"wp:attachment":[{"href":"https:\/\/yvisdesign.com\/de\/wp-json\/wp\/v2\/media?parent=1346"}],"wp:term":[{"taxonomy":"product_cat","embeddable":true,"href":"https:\/\/yvisdesign.com\/de\/wp-json\/wp\/v2\/product_cat?post=1346"},{"taxonomy":"product_tag","embeddable":true,"href":"https:\/\/yvisdesign.com\/de\/wp-json\/wp\/v2\/product_tag?post=1346"}],"curies":[{"name":"wp","href":"https:\/\/api.w.org\/{rel}","templated":true}]}}