{"id":1349,"date":"2020-09-07T21:37:14","date_gmt":"2020-09-07T19:37:14","guid":{"rendered":"https:\/\/yvisdesign.com\/?post_type=product&#038;p=1349"},"modified":"2021-09-08T14:16:54","modified_gmt":"2021-09-08T12:16:54","slug":"angel-whispher","status":"publish","type":"product","link":"https:\/\/yvisdesign.com\/de\/produkt\/angel-whispher\/","title":{"rendered":"Angel Whisper"},"content":{"rendered":"","protected":false},"excerpt":{"rendered":"<p>Diese Halskette ist ca. 42 cm lang und die Mitte bildet eine aus 925er Silber bestehender Engelsfl\u00fcgel. Der Engelsfl\u00fcgel hat eine Gr\u00f6\u00dfe von 32 x 16 mm. Er ist auf einem 0,45 mm Band, bestehend aus 19 Stahlf\u00e4den, die mit silber \u00fcberzogen sind, gef\u00e4delt. Um die Strapazierf\u00e4higkeit zu gew\u00e4hren, ist die Oberfl\u00e4che noch mit einem speziellen Nylon\u00fcberzug bearbeitet worden. Den Abschluss der Kette bildet der silberne Karabiner-Verschluss. Jedes Schmuckst\u00fcck ist mit dem Herzen entworfen und in liebevoller Handarbeit erstellt.<\/p>\n","protected":false},"featured_media":1608,"template":"","meta":{"_themeisle_gutenberg_block_has_review":false},"product_cat":[22,142,26],"product_tag":[58,41,44,35],"jetpack_sharing_enabled":true,"_links":{"self":[{"href":"https:\/\/yvisdesign.com\/de\/wp-json\/wp\/v2\/product\/1349"}],"collection":[{"href":"https:\/\/yvisdesign.com\/de\/wp-json\/wp\/v2\/product"}],"about":[{"href":"https:\/\/yvisdesign.com\/de\/wp-json\/wp\/v2\/types\/product"}],"wp:featuredmedia":[{"embeddable":true,"href":"https:\/\/yvisdesign.com\/de\/wp-json\/wp\/v2\/media\/1608"}],"wp:attachment":[{"href":"https:\/\/yvisdesign.com\/de\/wp-json\/wp\/v2\/media?parent=1349"}],"wp:term":[{"taxonomy":"product_cat","embeddable":true,"href":"https:\/\/yvisdesign.com\/de\/wp-json\/wp\/v2\/product_cat?post=1349"},{"taxonomy":"product_tag","embeddable":true,"href":"https:\/\/yvisdesign.com\/de\/wp-json\/wp\/v2\/product_tag?post=1349"}],"curies":[{"name":"wp","href":"https:\/\/api.w.org\/{rel}","templated":true}]}}