{"id":1350,"date":"2020-09-08T21:58:15","date_gmt":"2020-09-08T19:58:15","guid":{"rendered":"https:\/\/yvisdesign.com\/?post_type=product&#038;p=1350"},"modified":"2022-05-26T14:31:10","modified_gmt":"2022-05-26T12:31:10","slug":"light-it-up","status":"publish","type":"product","link":"https:\/\/yvisdesign.com\/de\/produkt\/light-it-up\/","title":{"rendered":"Light it up"},"content":{"rendered":"","protected":false},"excerpt":{"rendered":"<p>Die Kette ist ca. 42 cm lang und besteht aus 4 mm facettierten Aquamarin Steinen. In der Mitte der Kette befindet sich ein Seestern aus 925er Silber. Dieser ist ca. 19 x 19 mm gro\u00df.\u00a0Die Elemente sind auf einem Band gef\u00e4delt, welches aus 49 feinsten Stahlf\u00e4den besteht, die mit Nylon \u00fcberzogen sind. Dies gew\u00e4hrt eine sehr hohe Strapazierf\u00e4higkeit und somit Rei\u00dffestigkeit. Den Abschluss bildet ein silberner Karabiner-Verschluss. Jedes Schmuckst\u00fcck wird mit dem Herzen entworfen und in liebevoller Handarbeit erstellt.<\/p>\n","protected":false},"featured_media":1627,"template":"","meta":{"_themeisle_gutenberg_block_has_review":false},"product_cat":[22,142,26],"product_tag":[58,41,44,35],"jetpack_sharing_enabled":true,"_links":{"self":[{"href":"https:\/\/yvisdesign.com\/de\/wp-json\/wp\/v2\/product\/1350"}],"collection":[{"href":"https:\/\/yvisdesign.com\/de\/wp-json\/wp\/v2\/product"}],"about":[{"href":"https:\/\/yvisdesign.com\/de\/wp-json\/wp\/v2\/types\/product"}],"wp:featuredmedia":[{"embeddable":true,"href":"https:\/\/yvisdesign.com\/de\/wp-json\/wp\/v2\/media\/1627"}],"wp:attachment":[{"href":"https:\/\/yvisdesign.com\/de\/wp-json\/wp\/v2\/media?parent=1350"}],"wp:term":[{"taxonomy":"product_cat","embeddable":true,"href":"https:\/\/yvisdesign.com\/de\/wp-json\/wp\/v2\/product_cat?post=1350"},{"taxonomy":"product_tag","embeddable":true,"href":"https:\/\/yvisdesign.com\/de\/wp-json\/wp\/v2\/product_tag?post=1350"}],"curies":[{"name":"wp","href":"https:\/\/api.w.org\/{rel}","templated":true}]}}