{"id":1351,"date":"2020-09-03T21:10:47","date_gmt":"2020-09-03T19:10:47","guid":{"rendered":"https:\/\/yvisdesign.com\/?post_type=product&#038;p=1351"},"modified":"2022-05-26T14:37:10","modified_gmt":"2022-05-26T12:37:10","slug":"key-west","status":"publish","type":"product","link":"https:\/\/yvisdesign.com\/de\/produkt\/key-west\/","title":{"rendered":"Key West"},"content":{"rendered":"","protected":false},"excerpt":{"rendered":"<p>Die Kette ist ca. 42 cm lang und besteht aus 3 x 5 mm facettierten Amazonit Steinen. In der Mitte der Kette befindet sich ein Seestern aus vergoldetem 925er Silber. Dieser ist ca. 19 x 19 mm gro\u00df. Die Elemente sind auf einem Band gef\u00e4delt, welches aus 49 feinsten Stahlf\u00e4den besteht, die mit Nylon \u00fcberzogen sind. Dies gew\u00e4hrt eine sehr hohe Strapazierf\u00e4higkeit und somit Rei\u00dffestigkeit. Den Abschluss bildet ein vergoldeter 925er silberner Karabiner-Verschluss. Jedes Schmuckst\u00fcck wird mit dem Herzen entworfen und in liebevoller Handarbeit erstellt.<\/p>\n","protected":false},"featured_media":1515,"template":"","meta":{"_themeisle_gutenberg_block_has_review":false},"product_cat":[22,142,26],"product_tag":[58,41,44,134],"jetpack_sharing_enabled":true,"_links":{"self":[{"href":"https:\/\/yvisdesign.com\/de\/wp-json\/wp\/v2\/product\/1351"}],"collection":[{"href":"https:\/\/yvisdesign.com\/de\/wp-json\/wp\/v2\/product"}],"about":[{"href":"https:\/\/yvisdesign.com\/de\/wp-json\/wp\/v2\/types\/product"}],"wp:featuredmedia":[{"embeddable":true,"href":"https:\/\/yvisdesign.com\/de\/wp-json\/wp\/v2\/media\/1515"}],"wp:attachment":[{"href":"https:\/\/yvisdesign.com\/de\/wp-json\/wp\/v2\/media?parent=1351"}],"wp:term":[{"taxonomy":"product_cat","embeddable":true,"href":"https:\/\/yvisdesign.com\/de\/wp-json\/wp\/v2\/product_cat?post=1351"},{"taxonomy":"product_tag","embeddable":true,"href":"https:\/\/yvisdesign.com\/de\/wp-json\/wp\/v2\/product_tag?post=1351"}],"curies":[{"name":"wp","href":"https:\/\/api.w.org\/{rel}","templated":true}]}}