{"id":1355,"date":"2020-09-06T22:38:41","date_gmt":"2020-09-06T20:38:41","guid":{"rendered":"https:\/\/yvisdesign.com\/?post_type=product&#038;p=1355"},"modified":"2022-03-11T15:26:59","modified_gmt":"2022-03-11T14:26:59","slug":"oceanbeauty","status":"publish","type":"product","link":"https:\/\/yvisdesign.com\/de\/produkt\/oceanbeauty\/","title":{"rendered":"Oceanbeauty"},"content":{"rendered":"","protected":false},"excerpt":{"rendered":"<p>Diese wundersch\u00f6ne Halskette ist ca. 80 cm lang und besteht aus ca. 6 mm gro\u00dfen, runden Lapislazuli Steinen. In der Mitte der Kette befindet sich eine runde wei\u00dfe S\u00fc\u00dfwasser Zuchtperle, eine 6 mm gro\u00dfe Silberkugel und eine Muschel. Die Muschel hat ein Ma\u00df von 34 x 6 mm und besteht aus 925er Silber. Die Elemente sind auf einem Band gef\u00e4delt, welches aus 49 feinsten Stahlf\u00e4den besteht, die mit Nylon \u00fcberzogen sind. Dies gew\u00e4hrt eine sehr hohe Strapazierf\u00e4higkeit und somit Rei\u00dffestigkeit. Den Abschluss bildet ein silberner Karabiner-Verschluss. Jedes Schmuckst\u00fcck wird mit dem Herzen entworfen und in liebevoller Handarbeit erstellt.<\/p>\n","protected":false},"featured_media":1509,"template":"","meta":{"_themeisle_gutenberg_block_has_review":false},"product_cat":[22,45],"product_tag":[41,44,35],"jetpack_sharing_enabled":true,"_links":{"self":[{"href":"https:\/\/yvisdesign.com\/de\/wp-json\/wp\/v2\/product\/1355"}],"collection":[{"href":"https:\/\/yvisdesign.com\/de\/wp-json\/wp\/v2\/product"}],"about":[{"href":"https:\/\/yvisdesign.com\/de\/wp-json\/wp\/v2\/types\/product"}],"wp:featuredmedia":[{"embeddable":true,"href":"https:\/\/yvisdesign.com\/de\/wp-json\/wp\/v2\/media\/1509"}],"wp:attachment":[{"href":"https:\/\/yvisdesign.com\/de\/wp-json\/wp\/v2\/media?parent=1355"}],"wp:term":[{"taxonomy":"product_cat","embeddable":true,"href":"https:\/\/yvisdesign.com\/de\/wp-json\/wp\/v2\/product_cat?post=1355"},{"taxonomy":"product_tag","embeddable":true,"href":"https:\/\/yvisdesign.com\/de\/wp-json\/wp\/v2\/product_tag?post=1355"}],"curies":[{"name":"wp","href":"https:\/\/api.w.org\/{rel}","templated":true}]}}