{"id":1479,"date":"2020-09-06T14:32:32","date_gmt":"2020-09-06T12:32:32","guid":{"rendered":"https:\/\/yvisdesign.com\/?post_type=product&#038;p=1479"},"modified":"2021-09-04T01:26:15","modified_gmt":"2021-09-03T23:26:15","slug":"angel-guide","status":"publish","type":"product","link":"https:\/\/yvisdesign.com\/de\/produkt\/angel-guide\/","title":{"rendered":"Angel Guide"},"content":{"rendered":"","protected":false},"excerpt":{"rendered":"<p>Die Kette ist ca. 48 cm lang und besteht aus 6 mm gro\u00dfen Lava Kugeln. In der Mitte der Kette befindet sich ein Engelsfl\u00fcgel aus 925er Silber. Dieser ist ca. 32 x 16 mm gro\u00df. Die Elemente sind auf einem Band gef\u00e4delt, welches aus 49 feinsten Stahlf\u00e4den besteht, die mit Nylon \u00fcberzogen sind. Dies gew\u00e4hrt eine sehr hohe Strapazierf\u00e4higkeit und somit Rei\u00dffestigkeit. Den Abschluss bildet ein 925er silberner Karabiner-Verschluss. Jedes Schmuckst\u00fcck wird mit dem Herzen entworfen und in liebevoller Handarbeit erstellt.<\/p>\n","protected":false},"featured_media":1536,"template":"","meta":{"_themeisle_gutenberg_block_has_review":false},"product_cat":[21,31],"product_tag":[44,55,35],"jetpack_sharing_enabled":true,"_links":{"self":[{"href":"https:\/\/yvisdesign.com\/de\/wp-json\/wp\/v2\/product\/1479"}],"collection":[{"href":"https:\/\/yvisdesign.com\/de\/wp-json\/wp\/v2\/product"}],"about":[{"href":"https:\/\/yvisdesign.com\/de\/wp-json\/wp\/v2\/types\/product"}],"wp:featuredmedia":[{"embeddable":true,"href":"https:\/\/yvisdesign.com\/de\/wp-json\/wp\/v2\/media\/1536"}],"wp:attachment":[{"href":"https:\/\/yvisdesign.com\/de\/wp-json\/wp\/v2\/media?parent=1479"}],"wp:term":[{"taxonomy":"product_cat","embeddable":true,"href":"https:\/\/yvisdesign.com\/de\/wp-json\/wp\/v2\/product_cat?post=1479"},{"taxonomy":"product_tag","embeddable":true,"href":"https:\/\/yvisdesign.com\/de\/wp-json\/wp\/v2\/product_tag?post=1479"}],"curies":[{"name":"wp","href":"https:\/\/api.w.org\/{rel}","templated":true}]}}