{"id":1495,"date":"2020-09-06T19:18:26","date_gmt":"2020-09-06T17:18:26","guid":{"rendered":"https:\/\/yvisdesign.com\/?post_type=product&#038;p=1495"},"modified":"2020-09-08T14:46:36","modified_gmt":"2020-09-08T12:46:36","slug":"mauritius","status":"publish","type":"product","link":"https:\/\/yvisdesign.com\/de\/produkt\/mauritius\/","title":{"rendered":"Mauritius"},"content":{"rendered":"","protected":false},"excerpt":{"rendered":"<p>Dieser Anh\u00e4nger besteht aus zwei 6 mm facettierten Apatit Steinen und einem 17 mm gro\u00dfen Seestern, der aus 925er Silber besteht. Jedes Schmuckst\u00fcck wird mit dem Herzen entworfen und in liebevoller Handarbeit erstellt.<\/p>\n","protected":false},"featured_media":1305,"template":"","meta":{"_themeisle_gutenberg_block_has_review":false},"product_cat":[22,29],"product_tag":[42,41,35],"jetpack_sharing_enabled":true,"_links":{"self":[{"href":"https:\/\/yvisdesign.com\/de\/wp-json\/wp\/v2\/product\/1495"}],"collection":[{"href":"https:\/\/yvisdesign.com\/de\/wp-json\/wp\/v2\/product"}],"about":[{"href":"https:\/\/yvisdesign.com\/de\/wp-json\/wp\/v2\/types\/product"}],"wp:featuredmedia":[{"embeddable":true,"href":"https:\/\/yvisdesign.com\/de\/wp-json\/wp\/v2\/media\/1305"}],"wp:attachment":[{"href":"https:\/\/yvisdesign.com\/de\/wp-json\/wp\/v2\/media?parent=1495"}],"wp:term":[{"taxonomy":"product_cat","embeddable":true,"href":"https:\/\/yvisdesign.com\/de\/wp-json\/wp\/v2\/product_cat?post=1495"},{"taxonomy":"product_tag","embeddable":true,"href":"https:\/\/yvisdesign.com\/de\/wp-json\/wp\/v2\/product_tag?post=1495"}],"curies":[{"name":"wp","href":"https:\/\/api.w.org\/{rel}","templated":true}]}}