{"id":1497,"date":"2020-09-06T19:21:08","date_gmt":"2020-09-06T17:21:08","guid":{"rendered":"https:\/\/yvisdesign.com\/?post_type=product&#038;p=1497"},"modified":"2020-09-08T14:49:56","modified_gmt":"2020-09-08T12:49:56","slug":"waikiki-beach-hawaii","status":"publish","type":"product","link":"https:\/\/yvisdesign.com\/de\/produkt\/waikiki-beach-hawaii\/","title":{"rendered":"Waikiki Beach Hawaii"},"content":{"rendered":"","protected":false},"excerpt":{"rendered":"<p>Der Anh\u00e4nger besteht aus einem 8 mm gro\u00dfen, facettierten Aquamarin Stein und einer 19 x 22 mm gro\u00dfen Muschel aus 925er Silber. \u00dcber dem Aquamarin Stein ist eine 3 mm diamantierte 925er Silberkugel. Jedes Schmuckst\u00fcck wird mit dem Herzen entworfen und in liebevoller Handarbeit erstellt.<\/p>\n<p>&nbsp;<\/p>\n","protected":false},"featured_media":1299,"template":"","meta":{"_themeisle_gutenberg_block_has_review":false},"product_cat":[22,29],"product_tag":[42,41,35],"jetpack_sharing_enabled":true,"_links":{"self":[{"href":"https:\/\/yvisdesign.com\/de\/wp-json\/wp\/v2\/product\/1497"}],"collection":[{"href":"https:\/\/yvisdesign.com\/de\/wp-json\/wp\/v2\/product"}],"about":[{"href":"https:\/\/yvisdesign.com\/de\/wp-json\/wp\/v2\/types\/product"}],"wp:featuredmedia":[{"embeddable":true,"href":"https:\/\/yvisdesign.com\/de\/wp-json\/wp\/v2\/media\/1299"}],"wp:attachment":[{"href":"https:\/\/yvisdesign.com\/de\/wp-json\/wp\/v2\/media?parent=1497"}],"wp:term":[{"taxonomy":"product_cat","embeddable":true,"href":"https:\/\/yvisdesign.com\/de\/wp-json\/wp\/v2\/product_cat?post=1497"},{"taxonomy":"product_tag","embeddable":true,"href":"https:\/\/yvisdesign.com\/de\/wp-json\/wp\/v2\/product_tag?post=1497"}],"curies":[{"name":"wp","href":"https:\/\/api.w.org\/{rel}","templated":true}]}}