{"id":1500,"date":"2020-09-06T19:23:37","date_gmt":"2020-09-06T17:23:37","guid":{"rendered":"https:\/\/yvisdesign.com\/?post_type=product&#038;p=1500"},"modified":"2020-09-08T14:32:41","modified_gmt":"2020-09-08T12:32:41","slug":"palm-springs","status":"publish","type":"product","link":"https:\/\/yvisdesign.com\/de\/produkt\/palm-springs\/","title":{"rendered":"Palm Springs"},"content":{"rendered":"","protected":false},"excerpt":{"rendered":"<p>Dieser Anh\u00e4nger besteht aus einer 8 mm gro\u00dfen Malachit Kugel und einer 19 x 22 mm gro\u00dfen Muschel. Die Muschel besteht aus 925er Silber und ist vergoldet. Eine vergoldete, diamantierte Silberkugel in einer Gr\u00f6\u00dfe von 3 mm ist \u00fcber der Malachit Kugel eingearbeitet. Jedes Schmuckst\u00fcck wird mit dem Herzen entworfen und in liebevoller Handarbeit erstellt.<\/p>\n","protected":false},"featured_media":1298,"template":"","meta":{"_themeisle_gutenberg_block_has_review":false},"product_cat":[22,29],"product_tag":[42,41,36],"jetpack_sharing_enabled":true,"_links":{"self":[{"href":"https:\/\/yvisdesign.com\/de\/wp-json\/wp\/v2\/product\/1500"}],"collection":[{"href":"https:\/\/yvisdesign.com\/de\/wp-json\/wp\/v2\/product"}],"about":[{"href":"https:\/\/yvisdesign.com\/de\/wp-json\/wp\/v2\/types\/product"}],"wp:featuredmedia":[{"embeddable":true,"href":"https:\/\/yvisdesign.com\/de\/wp-json\/wp\/v2\/media\/1298"}],"wp:attachment":[{"href":"https:\/\/yvisdesign.com\/de\/wp-json\/wp\/v2\/media?parent=1500"}],"wp:term":[{"taxonomy":"product_cat","embeddable":true,"href":"https:\/\/yvisdesign.com\/de\/wp-json\/wp\/v2\/product_cat?post=1500"},{"taxonomy":"product_tag","embeddable":true,"href":"https:\/\/yvisdesign.com\/de\/wp-json\/wp\/v2\/product_tag?post=1500"}],"curies":[{"name":"wp","href":"https:\/\/api.w.org\/{rel}","templated":true}]}}