{"id":1526,"date":"2020-09-06T22:52:41","date_gmt":"2020-09-06T20:52:41","guid":{"rendered":"https:\/\/yvisdesign.com\/?post_type=product&#038;p=1526"},"modified":"2022-05-26T14:33:12","modified_gmt":"2022-05-26T12:33:12","slug":"aquapower","status":"publish","type":"product","link":"https:\/\/yvisdesign.com\/de\/produkt\/aquapower\/","title":{"rendered":"Aquapower"},"content":{"rendered":"","protected":false},"excerpt":{"rendered":"<p>Diese Halskette ist ca. 42 cm lang und besteht aus 4 mm gro\u00dfen, facettierten Aquamarin Steinen. In der Mitte der Kette befindet sich eine 3 mm gro\u00dfe, diamantierte 925er Silberkugel, die mit einem Lebensbaum aus 925er Silber verbunden ist. Dieser hat einen Durchmesser von 15 mm. Die Elemente sind auf einem Band gef\u00e4delt, welches aus 49 feinsten Stahlf\u00e4den besteht, die mit Nylon \u00fcberzogen sind. Dies gew\u00e4hrt eine sehr hohe Strapazierf\u00e4higkeit und somit Rei\u00dffestigkeit. Den Abschluss bildet ein silberner Karabiner-Verschluss. Jedes Schmuckst\u00fcck wird mit dem Herzen entworfen und in liebevoller Handarbeit erstellt.<\/p>\n","protected":false},"featured_media":1519,"template":"","meta":{"_themeisle_gutenberg_block_has_review":false},"product_cat":[22,142,26],"product_tag":[58,41,44,35],"jetpack_sharing_enabled":true,"_links":{"self":[{"href":"https:\/\/yvisdesign.com\/de\/wp-json\/wp\/v2\/product\/1526"}],"collection":[{"href":"https:\/\/yvisdesign.com\/de\/wp-json\/wp\/v2\/product"}],"about":[{"href":"https:\/\/yvisdesign.com\/de\/wp-json\/wp\/v2\/types\/product"}],"wp:featuredmedia":[{"embeddable":true,"href":"https:\/\/yvisdesign.com\/de\/wp-json\/wp\/v2\/media\/1519"}],"wp:attachment":[{"href":"https:\/\/yvisdesign.com\/de\/wp-json\/wp\/v2\/media?parent=1526"}],"wp:term":[{"taxonomy":"product_cat","embeddable":true,"href":"https:\/\/yvisdesign.com\/de\/wp-json\/wp\/v2\/product_cat?post=1526"},{"taxonomy":"product_tag","embeddable":true,"href":"https:\/\/yvisdesign.com\/de\/wp-json\/wp\/v2\/product_tag?post=1526"}],"curies":[{"name":"wp","href":"https:\/\/api.w.org\/{rel}","templated":true}]}}