{"id":1546,"date":"2020-09-07T21:38:49","date_gmt":"2020-09-07T19:38:49","guid":{"rendered":"https:\/\/yvisdesign.com\/?post_type=product&#038;p=1546"},"modified":"2021-09-08T14:15:24","modified_gmt":"2021-09-08T12:15:24","slug":"golden-heart","status":"publish","type":"product","link":"https:\/\/yvisdesign.com\/de\/produkt\/golden-heart\/","title":{"rendered":"Golden Heart"},"content":{"rendered":"","protected":false},"excerpt":{"rendered":"<p>Diese Halskette ist ca. 42 cm lang und in der Mitte ist ein goldenes Herz eingearbeitet. Das Herz ist ca. 14 mm gro\u00df und aus vergoldetem 925er Silber. Das Element ist auf einem 0,45mm Band gef\u00e4delt, bestehend aus 19 feinsten Stahlf\u00e4den, die mit 24 Karat Gold \u00fcberzogen sind und einen Nylon\u00fcberzug haben. Dies gew\u00e4hrt eine sehr hohe Strapazierf\u00e4higkeit und somit Rei\u00dffestigkeit. Den Abschluss bildet ein silberner Karabiner Verschluss. Jedes Schmuckst\u00fcck wird mit dem Herzen entworfen und in liebevoller Handarbeit erstellt.<\/p>\n","protected":false},"featured_media":1614,"template":"","meta":{"_themeisle_gutenberg_block_has_review":false},"product_cat":[22,142,26],"product_tag":[58,41,44,134],"jetpack_sharing_enabled":true,"_links":{"self":[{"href":"https:\/\/yvisdesign.com\/de\/wp-json\/wp\/v2\/product\/1546"}],"collection":[{"href":"https:\/\/yvisdesign.com\/de\/wp-json\/wp\/v2\/product"}],"about":[{"href":"https:\/\/yvisdesign.com\/de\/wp-json\/wp\/v2\/types\/product"}],"wp:featuredmedia":[{"embeddable":true,"href":"https:\/\/yvisdesign.com\/de\/wp-json\/wp\/v2\/media\/1614"}],"wp:attachment":[{"href":"https:\/\/yvisdesign.com\/de\/wp-json\/wp\/v2\/media?parent=1546"}],"wp:term":[{"taxonomy":"product_cat","embeddable":true,"href":"https:\/\/yvisdesign.com\/de\/wp-json\/wp\/v2\/product_cat?post=1546"},{"taxonomy":"product_tag","embeddable":true,"href":"https:\/\/yvisdesign.com\/de\/wp-json\/wp\/v2\/product_tag?post=1546"}],"curies":[{"name":"wp","href":"https:\/\/api.w.org\/{rel}","templated":true}]}}