{"id":1576,"date":"2020-09-08T08:30:26","date_gmt":"2020-09-08T06:30:26","guid":{"rendered":"https:\/\/yvisdesign.com\/?post_type=product&#038;p=1576"},"modified":"2021-09-10T14:28:44","modified_gmt":"2021-09-10T12:28:44","slug":"amethyst-verleiht-fluegel","status":"publish","type":"product","link":"https:\/\/yvisdesign.com\/de\/produkt\/amethyst-verleiht-fluegel\/","title":{"rendered":"Amethyst verleiht Fl\u00fcgel"},"content":{"rendered":"","protected":false},"excerpt":{"rendered":"<p>Diese wundersch\u00f6nen Ohrringe bestehen aus jeweils einem 6 mm gro\u00dfen, facettierten Amethyst Stein und jeweils einem Engelsfl\u00fcgel. Dieser ist 20 x 7 mm gro\u00df und besteht aus 925 Silber. Den Abschluss bildet der silberne Verschluss. Jedes Schmuckst\u00fcck wird mit dem Herzen entworfen und in liebevoller Handarbeit erstellt.<\/p>\n","protected":false},"featured_media":1196,"template":"","meta":{"_themeisle_gutenberg_block_has_review":false},"product_cat":[22,28],"product_tag":[58,41,38,35],"jetpack_sharing_enabled":true,"_links":{"self":[{"href":"https:\/\/yvisdesign.com\/de\/wp-json\/wp\/v2\/product\/1576"}],"collection":[{"href":"https:\/\/yvisdesign.com\/de\/wp-json\/wp\/v2\/product"}],"about":[{"href":"https:\/\/yvisdesign.com\/de\/wp-json\/wp\/v2\/types\/product"}],"wp:featuredmedia":[{"embeddable":true,"href":"https:\/\/yvisdesign.com\/de\/wp-json\/wp\/v2\/media\/1196"}],"wp:attachment":[{"href":"https:\/\/yvisdesign.com\/de\/wp-json\/wp\/v2\/media?parent=1576"}],"wp:term":[{"taxonomy":"product_cat","embeddable":true,"href":"https:\/\/yvisdesign.com\/de\/wp-json\/wp\/v2\/product_cat?post=1576"},{"taxonomy":"product_tag","embeddable":true,"href":"https:\/\/yvisdesign.com\/de\/wp-json\/wp\/v2\/product_tag?post=1576"}],"curies":[{"name":"wp","href":"https:\/\/api.w.org\/{rel}","templated":true}]}}