{"id":1577,"date":"2020-09-08T08:31:37","date_gmt":"2020-09-08T06:31:37","guid":{"rendered":"https:\/\/yvisdesign.com\/?post_type=product&#038;p=1577"},"modified":"2021-09-10T14:27:40","modified_gmt":"2021-09-10T12:27:40","slug":"rainbow-silver-wings","status":"publish","type":"product","link":"https:\/\/yvisdesign.com\/de\/produkt\/rainbow-silver-wings\/","title":{"rendered":"Rainbow Silver Wings"},"content":{"rendered":"","protected":false},"excerpt":{"rendered":"<p>Diese wundersch\u00f6nen Ohrringe bestehen aus jeweils zwei 6 mm gro\u00dfen, facettierten Bergkristall Steinen und jeweils einem Engelsfl\u00fcgel. Dieser ist 20 x 7 mm gro\u00df und besteht aus 925er Silber. Den Abschluss bildet der silberne Verschluss. Jedes Schmuckst\u00fcck wird mit dem Herzen entworfen und in liebevoller Handarbeit erstellt.<\/p>\n","protected":false},"featured_media":1205,"template":"","meta":{"_themeisle_gutenberg_block_has_review":false},"product_cat":[22,28],"product_tag":[58,41,38,35],"jetpack_sharing_enabled":true,"_links":{"self":[{"href":"https:\/\/yvisdesign.com\/de\/wp-json\/wp\/v2\/product\/1577"}],"collection":[{"href":"https:\/\/yvisdesign.com\/de\/wp-json\/wp\/v2\/product"}],"about":[{"href":"https:\/\/yvisdesign.com\/de\/wp-json\/wp\/v2\/types\/product"}],"wp:featuredmedia":[{"embeddable":true,"href":"https:\/\/yvisdesign.com\/de\/wp-json\/wp\/v2\/media\/1205"}],"wp:attachment":[{"href":"https:\/\/yvisdesign.com\/de\/wp-json\/wp\/v2\/media?parent=1577"}],"wp:term":[{"taxonomy":"product_cat","embeddable":true,"href":"https:\/\/yvisdesign.com\/de\/wp-json\/wp\/v2\/product_cat?post=1577"},{"taxonomy":"product_tag","embeddable":true,"href":"https:\/\/yvisdesign.com\/de\/wp-json\/wp\/v2\/product_tag?post=1577"}],"curies":[{"name":"wp","href":"https:\/\/api.w.org\/{rel}","templated":true}]}}