{"id":1580,"date":"2020-09-08T08:34:57","date_gmt":"2020-09-08T06:34:57","guid":{"rendered":"https:\/\/yvisdesign.com\/?post_type=product&#038;p=1580"},"modified":"2022-08-15T10:12:42","modified_gmt":"2022-08-15T08:12:42","slug":"classische-schoenheit","status":"publish","type":"product","link":"https:\/\/yvisdesign.com\/de\/produkt\/classische-schoenheit\/","title":{"rendered":"Classic Beauty"},"content":{"rendered":"","protected":false},"excerpt":{"rendered":"<p>Diese Ohrringe bestehen aus jeweils einer 13-15 mm gro\u00dfen, wei\u00dfen S\u00fc\u00dfwasser Zuchtperle. Jede Perle ist nat\u00fcrlich gewachsen und ist somit ein Unikat. Den Abschluss bildet der silberne Klapp-Verschluss. Jedes Schmuckst\u00fcck wird mit dem Herzen entworfen und in liebevoller Handarbeit erstellt.<\/p>\n","protected":false},"featured_media":1197,"template":"","meta":{"_themeisle_gutenberg_block_has_review":false},"product_cat":[22,28,30],"product_tag":[58,41,38,209,35],"jetpack_sharing_enabled":true,"_links":{"self":[{"href":"https:\/\/yvisdesign.com\/de\/wp-json\/wp\/v2\/product\/1580"}],"collection":[{"href":"https:\/\/yvisdesign.com\/de\/wp-json\/wp\/v2\/product"}],"about":[{"href":"https:\/\/yvisdesign.com\/de\/wp-json\/wp\/v2\/types\/product"}],"wp:featuredmedia":[{"embeddable":true,"href":"https:\/\/yvisdesign.com\/de\/wp-json\/wp\/v2\/media\/1197"}],"wp:attachment":[{"href":"https:\/\/yvisdesign.com\/de\/wp-json\/wp\/v2\/media?parent=1580"}],"wp:term":[{"taxonomy":"product_cat","embeddable":true,"href":"https:\/\/yvisdesign.com\/de\/wp-json\/wp\/v2\/product_cat?post=1580"},{"taxonomy":"product_tag","embeddable":true,"href":"https:\/\/yvisdesign.com\/de\/wp-json\/wp\/v2\/product_tag?post=1580"}],"curies":[{"name":"wp","href":"https:\/\/api.w.org\/{rel}","templated":true}]}}