{"id":1581,"date":"2020-09-08T08:36:10","date_gmt":"2020-09-08T06:36:10","guid":{"rendered":"https:\/\/yvisdesign.com\/?post_type=product&#038;p=1581"},"modified":"2022-08-15T10:07:25","modified_gmt":"2022-08-15T08:07:25","slug":"fuers-herz","status":"publish","type":"product","link":"https:\/\/yvisdesign.com\/de\/produkt\/fuers-herz\/","title":{"rendered":"F\u00fcrs Herz"},"content":{"rendered":"","protected":false},"excerpt":{"rendered":"<p>Diese Ohrringe bestehen aus jeweils einer 8-9 mm gro\u00dfen, creamfarbigen, nat\u00fcrlich gewachsenen S\u00fc\u00dfwasser Zuchtperle und jeweils einem 4 mm gro\u00dfen, facettierten Rosenquarz Stein. Den Abschluss bildet der silberne Klapp-Verschluss. Jedes Schmuckst\u00fcck wird mit dem Herzen entworfen und in liebevoller Handarbeit erstellt.<\/p>\n","protected":false},"featured_media":1198,"template":"","meta":{"_themeisle_gutenberg_block_has_review":false},"product_cat":[22,28,30],"product_tag":[58,41,38,209,35],"jetpack_sharing_enabled":true,"_links":{"self":[{"href":"https:\/\/yvisdesign.com\/de\/wp-json\/wp\/v2\/product\/1581"}],"collection":[{"href":"https:\/\/yvisdesign.com\/de\/wp-json\/wp\/v2\/product"}],"about":[{"href":"https:\/\/yvisdesign.com\/de\/wp-json\/wp\/v2\/types\/product"}],"wp:featuredmedia":[{"embeddable":true,"href":"https:\/\/yvisdesign.com\/de\/wp-json\/wp\/v2\/media\/1198"}],"wp:attachment":[{"href":"https:\/\/yvisdesign.com\/de\/wp-json\/wp\/v2\/media?parent=1581"}],"wp:term":[{"taxonomy":"product_cat","embeddable":true,"href":"https:\/\/yvisdesign.com\/de\/wp-json\/wp\/v2\/product_cat?post=1581"},{"taxonomy":"product_tag","embeddable":true,"href":"https:\/\/yvisdesign.com\/de\/wp-json\/wp\/v2\/product_tag?post=1581"}],"curies":[{"name":"wp","href":"https:\/\/api.w.org\/{rel}","templated":true}]}}