{"id":1582,"date":"2020-09-08T08:37:23","date_gmt":"2020-09-08T06:37:23","guid":{"rendered":"https:\/\/yvisdesign.com\/?post_type=product&#038;p=1582"},"modified":"2022-08-15T10:07:08","modified_gmt":"2022-08-15T08:07:08","slug":"joyful","status":"publish","type":"product","link":"https:\/\/yvisdesign.com\/de\/produkt\/joyful\/","title":{"rendered":"Joyful"},"content":{"rendered":"","protected":false},"excerpt":{"rendered":"<p>Diese wundersch\u00f6nen Ohrringe bestehen aus jeweils drei 4 mm gro\u00dfen, facettierten Heliotrop Steinen und jeweils einer ca. 5-6 mm gro\u00dfen, wei\u00dfen Perle. Den Abschluss bildet der silberne Verschluss. Jedes Schmuckst\u00fcck wird mit dem Herzen entworfen und in liebevoller Handarbeit erstellt.<\/p>\n","protected":false},"featured_media":1207,"template":"","meta":{"_themeisle_gutenberg_block_has_review":false},"product_cat":[22,28,30],"product_tag":[58,41,38,209,35],"jetpack_sharing_enabled":true,"_links":{"self":[{"href":"https:\/\/yvisdesign.com\/de\/wp-json\/wp\/v2\/product\/1582"}],"collection":[{"href":"https:\/\/yvisdesign.com\/de\/wp-json\/wp\/v2\/product"}],"about":[{"href":"https:\/\/yvisdesign.com\/de\/wp-json\/wp\/v2\/types\/product"}],"wp:featuredmedia":[{"embeddable":true,"href":"https:\/\/yvisdesign.com\/de\/wp-json\/wp\/v2\/media\/1207"}],"wp:attachment":[{"href":"https:\/\/yvisdesign.com\/de\/wp-json\/wp\/v2\/media?parent=1582"}],"wp:term":[{"taxonomy":"product_cat","embeddable":true,"href":"https:\/\/yvisdesign.com\/de\/wp-json\/wp\/v2\/product_cat?post=1582"},{"taxonomy":"product_tag","embeddable":true,"href":"https:\/\/yvisdesign.com\/de\/wp-json\/wp\/v2\/product_tag?post=1582"}],"curies":[{"name":"wp","href":"https:\/\/api.w.org\/{rel}","templated":true}]}}