{"id":1587,"date":"2020-09-08T08:47:50","date_gmt":"2020-09-08T06:47:50","guid":{"rendered":"https:\/\/yvisdesign.com\/?post_type=product&#038;p=1587"},"modified":"2022-08-15T10:12:01","modified_gmt":"2022-08-15T08:12:01","slug":"petrol-eyecatcher","status":"publish","type":"product","link":"https:\/\/yvisdesign.com\/de\/produkt\/petrol-eyecatcher\/","title":{"rendered":"Petrol Eyecatcher"},"content":{"rendered":"","protected":false},"excerpt":{"rendered":"<p>Diese Ohrringe bestehen aus jeweils einer 11-13 mm gro\u00dfen, petrol farbigen S\u00fc\u00dfwasser Zuchtperle. Jede Perle ist nat\u00fcrlich gewachsen und ist somit ein Unikat. Den Abschluss bildet der silberne Klapp-Verschluss. Jedes Schmuckst\u00fcck wird mit dem Herzen entworfen und in liebevoller Handarbeit erstellt.<\/p>\n","protected":false},"featured_media":1203,"template":"","meta":{"_themeisle_gutenberg_block_has_review":false},"product_cat":[22,28,30],"product_tag":[58,41,38,209,35],"jetpack_sharing_enabled":true,"_links":{"self":[{"href":"https:\/\/yvisdesign.com\/de\/wp-json\/wp\/v2\/product\/1587"}],"collection":[{"href":"https:\/\/yvisdesign.com\/de\/wp-json\/wp\/v2\/product"}],"about":[{"href":"https:\/\/yvisdesign.com\/de\/wp-json\/wp\/v2\/types\/product"}],"wp:featuredmedia":[{"embeddable":true,"href":"https:\/\/yvisdesign.com\/de\/wp-json\/wp\/v2\/media\/1203"}],"wp:attachment":[{"href":"https:\/\/yvisdesign.com\/de\/wp-json\/wp\/v2\/media?parent=1587"}],"wp:term":[{"taxonomy":"product_cat","embeddable":true,"href":"https:\/\/yvisdesign.com\/de\/wp-json\/wp\/v2\/product_cat?post=1587"},{"taxonomy":"product_tag","embeddable":true,"href":"https:\/\/yvisdesign.com\/de\/wp-json\/wp\/v2\/product_tag?post=1587"}],"curies":[{"name":"wp","href":"https:\/\/api.w.org\/{rel}","templated":true}]}}