{"id":1588,"date":"2020-09-08T08:52:16","date_gmt":"2020-09-08T06:52:16","guid":{"rendered":"https:\/\/yvisdesign.com\/?post_type=product&#038;p=1588"},"modified":"2022-08-15T10:10:44","modified_gmt":"2022-08-15T08:10:44","slug":"petrol-meets-rose","status":"publish","type":"product","link":"https:\/\/yvisdesign.com\/de\/produkt\/petrol-meets-rose\/","title":{"rendered":"Petrol meets ros\u00e9"},"content":{"rendered":"","protected":false},"excerpt":{"rendered":"<p>Diese Ohrringe bestehen aus jeweils einer ca. 7 mm gro\u00dfen, ros\u00e9 farbigen S\u00fc\u00dfwasser Zuchtperlen und jeweils einer 7-8 mm go\u00dfen, petrol farbigen S\u00fc\u00dfwasser Zuchtperle. Zwischen den Perlen ist eine 2,2 mm gr0\u00dfe Silberkugel angebracht. Den Abschluss bildet der silberne Klapp-Verschluss. Jedes Schmuckst\u00fcck wird mit dem Herzen entworfen und in liebevoller Handarbeit erstellt.<\/p>\n","protected":false},"featured_media":1204,"template":"","meta":{"_themeisle_gutenberg_block_has_review":false},"product_cat":[22,28,30],"product_tag":[58,41,38,209,35],"jetpack_sharing_enabled":true,"_links":{"self":[{"href":"https:\/\/yvisdesign.com\/de\/wp-json\/wp\/v2\/product\/1588"}],"collection":[{"href":"https:\/\/yvisdesign.com\/de\/wp-json\/wp\/v2\/product"}],"about":[{"href":"https:\/\/yvisdesign.com\/de\/wp-json\/wp\/v2\/types\/product"}],"wp:featuredmedia":[{"embeddable":true,"href":"https:\/\/yvisdesign.com\/de\/wp-json\/wp\/v2\/media\/1204"}],"wp:attachment":[{"href":"https:\/\/yvisdesign.com\/de\/wp-json\/wp\/v2\/media?parent=1588"}],"wp:term":[{"taxonomy":"product_cat","embeddable":true,"href":"https:\/\/yvisdesign.com\/de\/wp-json\/wp\/v2\/product_cat?post=1588"},{"taxonomy":"product_tag","embeddable":true,"href":"https:\/\/yvisdesign.com\/de\/wp-json\/wp\/v2\/product_tag?post=1588"}],"curies":[{"name":"wp","href":"https:\/\/api.w.org\/{rel}","templated":true}]}}