{"id":1611,"date":"2020-09-08T11:01:24","date_gmt":"2020-09-08T09:01:24","guid":{"rendered":"https:\/\/yvisdesign.com\/?post_type=product&#038;p=1611"},"modified":"2022-08-15T10:06:21","modified_gmt":"2022-08-15T08:06:21","slug":"classic-angel","status":"publish","type":"product","link":"https:\/\/yvisdesign.com\/de\/produkt\/classic-angel\/","title":{"rendered":"Classic Angel"},"content":{"rendered":"","protected":false},"excerpt":{"rendered":"<p>Diese wundersch\u00f6nen Ohrringe bestehen aus jeweils zwei ca. 7 mm gro\u00dfen, ros\u00e9 farbigen S\u00fc\u00dfwasser Zuchtperlen und jeweils einem Engelsfl\u00fcgel. Dieser ist 20 x 7 mm gro\u00df und besteht aus 925er Silber. Den Abschluss bildet der silberne Klapp-Verschluss. Jedes Schmuckst\u00fcck wird mit dem Herzen entworfen und in liebevoller Handarbeit erstellt.<\/p>\n","protected":false},"featured_media":1200,"template":"","meta":{"_themeisle_gutenberg_block_has_review":false},"product_cat":[22,28,30],"product_tag":[58,41,57,209,35],"jetpack_sharing_enabled":true,"_links":{"self":[{"href":"https:\/\/yvisdesign.com\/de\/wp-json\/wp\/v2\/product\/1611"}],"collection":[{"href":"https:\/\/yvisdesign.com\/de\/wp-json\/wp\/v2\/product"}],"about":[{"href":"https:\/\/yvisdesign.com\/de\/wp-json\/wp\/v2\/types\/product"}],"wp:featuredmedia":[{"embeddable":true,"href":"https:\/\/yvisdesign.com\/de\/wp-json\/wp\/v2\/media\/1200"}],"wp:attachment":[{"href":"https:\/\/yvisdesign.com\/de\/wp-json\/wp\/v2\/media?parent=1611"}],"wp:term":[{"taxonomy":"product_cat","embeddable":true,"href":"https:\/\/yvisdesign.com\/de\/wp-json\/wp\/v2\/product_cat?post=1611"},{"taxonomy":"product_tag","embeddable":true,"href":"https:\/\/yvisdesign.com\/de\/wp-json\/wp\/v2\/product_tag?post=1611"}],"curies":[{"name":"wp","href":"https:\/\/api.w.org\/{rel}","templated":true}]}}