{"id":1921,"date":"2020-11-22T19:43:22","date_gmt":"2020-11-22T18:43:22","guid":{"rendered":"https:\/\/yvisdesign.com\/?post_type=product&#038;p=1921"},"modified":"2022-05-26T14:30:52","modified_gmt":"2022-05-26T12:30:52","slug":"caring","status":"publish","type":"product","link":"https:\/\/yvisdesign.com\/de\/produkt\/caring\/","title":{"rendered":"Caring"},"content":{"rendered":"","protected":false},"excerpt":{"rendered":"<p class=\"p1\">Die Malachit Halskette ist ca. 42cm lang und besteht aus 4 mm gro\u00dfen Malachit Kugeln, die in regelm\u00e4\u00dfigen Abst\u00e4nden mit 3 mm gro\u00dfen diamantierten, vergoldeten 925er Silberkugeln aneinander gereiht sind. Die Elemente sind auf einem Band gef\u00e4delt, welches aus 49 feinsten Stahlf\u00e4den besteht, die mit Nylon \u00fcberzogen sind. Dies gew\u00e4hrt eine sehr hohe Strapazierf\u00e4higkeit und somit Rei\u00dffestigkeit. Den Abschluss bildet ein vergoldeter 925er silberner Karabiner Verschluss. Jedes Schmuckst\u00fcck wird mit dem Herzen entworfen und in liebevoller Handarbeit erstellt.<\/p>\n","protected":false},"featured_media":4682,"template":"","meta":{"_themeisle_gutenberg_block_has_review":false},"product_cat":[22,142,26],"product_tag":[58,41,44,134],"jetpack_sharing_enabled":true,"_links":{"self":[{"href":"https:\/\/yvisdesign.com\/de\/wp-json\/wp\/v2\/product\/1921"}],"collection":[{"href":"https:\/\/yvisdesign.com\/de\/wp-json\/wp\/v2\/product"}],"about":[{"href":"https:\/\/yvisdesign.com\/de\/wp-json\/wp\/v2\/types\/product"}],"wp:featuredmedia":[{"embeddable":true,"href":"https:\/\/yvisdesign.com\/de\/wp-json\/wp\/v2\/media\/4682"}],"wp:attachment":[{"href":"https:\/\/yvisdesign.com\/de\/wp-json\/wp\/v2\/media?parent=1921"}],"wp:term":[{"taxonomy":"product_cat","embeddable":true,"href":"https:\/\/yvisdesign.com\/de\/wp-json\/wp\/v2\/product_cat?post=1921"},{"taxonomy":"product_tag","embeddable":true,"href":"https:\/\/yvisdesign.com\/de\/wp-json\/wp\/v2\/product_tag?post=1921"}],"curies":[{"name":"wp","href":"https:\/\/api.w.org\/{rel}","templated":true}]}}