{"id":1923,"date":"2020-11-22T19:54:05","date_gmt":"2020-11-22T18:54:05","guid":{"rendered":"https:\/\/yvisdesign.com\/?post_type=product&#038;p=1923"},"modified":"2025-11-09T23:47:12","modified_gmt":"2025-11-09T22:47:12","slug":"balance","status":"publish","type":"product","link":"https:\/\/yvisdesign.com\/de\/produkt\/balance\/","title":{"rendered":"Balance"},"content":{"rendered":"","protected":false},"excerpt":{"rendered":"<p class=\"p1\">Das Armband besteht aus 8 mm gro\u00dfen Malachit und 6 mm gro\u00dfen Lava Kugeln, die abwechselnd auf einem 0,7 mm dicken, elastischen Band gef\u00e4delt sind. In das Armband ist das Yin &amp; Yang Zeichen aus<span class=\"Apple-converted-space\">\u00a0 <\/span>925er Silber, in einer Gr\u00f6\u00dfe von ca. 10 mm, eingearbeitet. Jedes Schmuckst\u00fcck wird mit dem Herzen entworfen und in liebevoller Handarbeit erstellt.<\/p>\n","protected":false},"featured_media":4615,"template":"","meta":{"_themeisle_gutenberg_block_has_review":false},"product_cat":[21,32],"product_tag":[33,37,56,35],"jetpack_sharing_enabled":true,"_links":{"self":[{"href":"https:\/\/yvisdesign.com\/de\/wp-json\/wp\/v2\/product\/1923"}],"collection":[{"href":"https:\/\/yvisdesign.com\/de\/wp-json\/wp\/v2\/product"}],"about":[{"href":"https:\/\/yvisdesign.com\/de\/wp-json\/wp\/v2\/types\/product"}],"wp:featuredmedia":[{"embeddable":true,"href":"https:\/\/yvisdesign.com\/de\/wp-json\/wp\/v2\/media\/4615"}],"wp:attachment":[{"href":"https:\/\/yvisdesign.com\/de\/wp-json\/wp\/v2\/media?parent=1923"}],"wp:term":[{"taxonomy":"product_cat","embeddable":true,"href":"https:\/\/yvisdesign.com\/de\/wp-json\/wp\/v2\/product_cat?post=1923"},{"taxonomy":"product_tag","embeddable":true,"href":"https:\/\/yvisdesign.com\/de\/wp-json\/wp\/v2\/product_tag?post=1923"}],"curies":[{"name":"wp","href":"https:\/\/api.w.org\/{rel}","templated":true}]}}