{"id":2108,"date":"2020-12-13T19:33:27","date_gmt":"2020-12-13T18:33:27","guid":{"rendered":"https:\/\/yvisdesign.com\/?post_type=product&#038;p=2108"},"modified":"2021-09-05T17:50:18","modified_gmt":"2021-09-05T15:50:18","slug":"schutzengel-band-6","status":"publish","type":"product","link":"https:\/\/yvisdesign.com\/de\/produkt\/schutzengel-band-6\/","title":{"rendered":"Schutzengel Band: Lady Nada"},"content":{"rendered":"<p>Das Schutzengel Band, Lady Nada, besteht aus einem 20mm langen aus 925er Silber bestehenden Engelsfl\u00fcgel an den Bergkristall-, Rosenquarz-, Aquamarin-, und Turquenit Kugeln aneinander gereiht sind. Die Kugeln sind jeweils ca. 6mm gro\u00df. Den Abschluss bildet eine 4mm gro\u00dfe Silberkugel und ein 6mm gro\u00dfer Silberring an dem ein Satinband angebracht ist, mit dem das Schutzengel Band befestigt werden kann.<\/p>\n","protected":false},"excerpt":{"rendered":"<p>Das Schutzengel Band, Lady Nada, besteht aus einem 20mm langen aus 925er Silber bestehenden Engelsfl\u00fcgel an den Bergkristall-, Rosenquarz-, Aquamarin-, und Turquenit Kugeln aneinander gereiht sind. Die Kugeln sind jeweils ca. 6mm gro\u00df. Den Abschluss bildet eine 4mm gro\u00dfe Silberkugel und ein 6mm gro\u00dfer Silberring an dem ein Satinband angebracht ist, mit dem das Schutzengel [&hellip;]<\/p>\n","protected":false},"featured_media":4634,"template":"","meta":{"_themeisle_gutenberg_block_has_review":false},"product_cat":[59],"product_tag":[61,60],"jetpack_sharing_enabled":true,"_links":{"self":[{"href":"https:\/\/yvisdesign.com\/de\/wp-json\/wp\/v2\/product\/2108"}],"collection":[{"href":"https:\/\/yvisdesign.com\/de\/wp-json\/wp\/v2\/product"}],"about":[{"href":"https:\/\/yvisdesign.com\/de\/wp-json\/wp\/v2\/types\/product"}],"wp:featuredmedia":[{"embeddable":true,"href":"https:\/\/yvisdesign.com\/de\/wp-json\/wp\/v2\/media\/4634"}],"wp:attachment":[{"href":"https:\/\/yvisdesign.com\/de\/wp-json\/wp\/v2\/media?parent=2108"}],"wp:term":[{"taxonomy":"product_cat","embeddable":true,"href":"https:\/\/yvisdesign.com\/de\/wp-json\/wp\/v2\/product_cat?post=2108"},{"taxonomy":"product_tag","embeddable":true,"href":"https:\/\/yvisdesign.com\/de\/wp-json\/wp\/v2\/product_tag?post=2108"}],"curies":[{"name":"wp","href":"https:\/\/api.w.org\/{rel}","templated":true}]}}