{"id":2965,"date":"2021-01-31T15:10:04","date_gmt":"2021-01-31T14:10:04","guid":{"rendered":"https:\/\/yvisdesign.com\/?post_type=product&#038;p=2965"},"modified":"2021-09-16T18:16:29","modified_gmt":"2021-09-16T16:16:29","slug":"loving-couple","status":"publish","type":"product","link":"https:\/\/yvisdesign.com\/de\/produkt\/loving-couple\/","title":{"rendered":"Loving Couple"},"content":{"rendered":"","protected":false},"excerpt":{"rendered":"<p class=\"p1\">Diese Ohrringe bestehen aus jeweils einer 6 mm gro\u00dfen facettierten Rosenquarz Stein und jeweils einer 3 mm, diamantierten, vergoldeten 925er Silberkugel. Die Anh\u00e4nger k\u00f6nnen einfach entfernt und an anderen Creolen befestigt werden. Jedes Schmuckst\u00fcck wird mit dem Herzen entworfen und in liebevoller Handarbeit erstellt.<\/p>\n","protected":false},"featured_media":4676,"template":"","meta":{"_themeisle_gutenberg_block_has_review":false},"product_cat":[22,126],"product_tag":[127,58,134],"jetpack_sharing_enabled":true,"_links":{"self":[{"href":"https:\/\/yvisdesign.com\/de\/wp-json\/wp\/v2\/product\/2965"}],"collection":[{"href":"https:\/\/yvisdesign.com\/de\/wp-json\/wp\/v2\/product"}],"about":[{"href":"https:\/\/yvisdesign.com\/de\/wp-json\/wp\/v2\/types\/product"}],"wp:featuredmedia":[{"embeddable":true,"href":"https:\/\/yvisdesign.com\/de\/wp-json\/wp\/v2\/media\/4676"}],"wp:attachment":[{"href":"https:\/\/yvisdesign.com\/de\/wp-json\/wp\/v2\/media?parent=2965"}],"wp:term":[{"taxonomy":"product_cat","embeddable":true,"href":"https:\/\/yvisdesign.com\/de\/wp-json\/wp\/v2\/product_cat?post=2965"},{"taxonomy":"product_tag","embeddable":true,"href":"https:\/\/yvisdesign.com\/de\/wp-json\/wp\/v2\/product_tag?post=2965"}],"curies":[{"name":"wp","href":"https:\/\/api.w.org\/{rel}","templated":true}]}}