{"id":3628,"date":"2021-02-25T13:26:22","date_gmt":"2021-02-25T12:26:22","guid":{"rendered":"https:\/\/yvisdesign.com\/?post_type=product&#038;p=3628"},"modified":"2021-09-05T16:53:06","modified_gmt":"2021-09-05T14:53:06","slug":"beach-feeling","status":"publish","type":"product","link":"https:\/\/yvisdesign.com\/de\/produkt\/beach-feeling\/","title":{"rendered":"Beach Feeling"},"content":{"rendered":"","protected":false},"excerpt":{"rendered":"<p>Die Kette ist ca. 48 cm lang und besteht aus 6 mm gro\u00dfen Apatit Kugeln. In regelm\u00e4\u00dfigen Abst\u00e4nden sind 6 mm gro\u00dfe Lavakugeln eingearbeitet. Die Elemente sind auf einem Band gef\u00e4delt, welches aus 49 feinsten Stahlf\u00e4den besteht, die mit Nylon \u00fcberzogen sind. Dies gew\u00e4hrt eine sehr hohe Strapazierf\u00e4higkeit und somit Rei\u00dffestigkeit. Den Abschluss bildet ein 925er silberner Karabiner-Verschluss. Jedes Schmuckst\u00fcck wird mit dem Herzen entworfen und in liebevoller Handarbeit erstellt.<\/p>\n","protected":false},"featured_media":4624,"template":"","meta":{"_themeisle_gutenberg_block_has_review":false},"product_cat":[21,31],"product_tag":[44,56,55],"jetpack_sharing_enabled":true,"_links":{"self":[{"href":"https:\/\/yvisdesign.com\/de\/wp-json\/wp\/v2\/product\/3628"}],"collection":[{"href":"https:\/\/yvisdesign.com\/de\/wp-json\/wp\/v2\/product"}],"about":[{"href":"https:\/\/yvisdesign.com\/de\/wp-json\/wp\/v2\/types\/product"}],"wp:featuredmedia":[{"embeddable":true,"href":"https:\/\/yvisdesign.com\/de\/wp-json\/wp\/v2\/media\/4624"}],"wp:attachment":[{"href":"https:\/\/yvisdesign.com\/de\/wp-json\/wp\/v2\/media?parent=3628"}],"wp:term":[{"taxonomy":"product_cat","embeddable":true,"href":"https:\/\/yvisdesign.com\/de\/wp-json\/wp\/v2\/product_cat?post=3628"},{"taxonomy":"product_tag","embeddable":true,"href":"https:\/\/yvisdesign.com\/de\/wp-json\/wp\/v2\/product_tag?post=3628"}],"curies":[{"name":"wp","href":"https:\/\/api.w.org\/{rel}","templated":true}]}}